{"id":19465,"date":"2021-01-11T15:56:47","date_gmt":"2021-01-11T15:56:47","guid":{"rendered":"https:\/\/concelex.ro\/?page_id=19465"},"modified":"2021-01-11T15:57:53","modified_gmt":"2021-01-11T15:57:53","slug":"termeni-si-conditii","status":"publish","type":"page","link":"https:\/\/concelex.ro\/ro\/termeni-si-conditii\/","title":{"rendered":"Termeni si conditii"},"content":{"rendered":"<div data-elementor-type=\"wp-page\" data-elementor-id=\"19465\" class=\"elementor elementor-19465\">\n\t\t\t\t\t\t<div class=\"elementor-inner\">\n\t\t\t\t<div class=\"elementor-section-wrap\">\n\t\t\t\t\t\t\t\t\t<section class=\"elementor-section elementor-top-section elementor-element elementor-element-e4e7718 elementor-section-boxed elementor-section-height-default elementor-section-height-default parallax_section_no qode_elementor_container_no\" data-id=\"e4e7718\" data-element_type=\"section\">\n\t\t\t\t\t\t<div class=\"elementor-container elementor-column-gap-default\">\n\t\t\t\t\t\t\t<div class=\"elementor-row\">\n\t\t\t\t\t<div class=\"elementor-column elementor-col-100 elementor-top-column elementor-element elementor-element-656938a\" data-id=\"656938a\" data-element_type=\"column\">\n\t\t\t<div class=\"elementor-column-wrap elementor-element-populated\">\n\t\t\t\t\t\t\t<div class=\"elementor-widget-wrap\">\n\t\t\t\t\t\t<section class=\"elementor-section elementor-inner-section elementor-element elementor-element-32caef6 elementor-section-boxed elementor-section-height-default elementor-section-height-default parallax_section_no qode_elementor_container_no\" data-id=\"32caef6\" data-element_type=\"section\">\n\t\t\t\t\t\t<div class=\"elementor-container elementor-column-gap-default\">\n\t\t\t\t\t\t\t<div class=\"elementor-row\">\n\t\t\t\t\t<div class=\"elementor-column elementor-col-100 elementor-inner-column elementor-element elementor-element-aedbd1f\" data-id=\"aedbd1f\" data-element_type=\"column\">\n\t\t\t<div class=\"elementor-column-wrap elementor-element-populated\">\n\t\t\t\t\t\t\t<div class=\"elementor-widget-wrap\">\n\t\t\t\t\t\t<div class=\"elementor-element elementor-element-1495ac6 elementor-widget elementor-widget-text-editor\" data-id=\"1495ac6\" data-element_type=\"widget\" data-widget_type=\"text-editor.default\">\n\t\t\t\t<div class=\"elementor-widget-container\">\n\t\t\t\t\t\t\t\t<div class=\"elementor-text-editor elementor-clearfix\">\n\t\t\t\t<p><b>Prevederi generale<\/b><\/p>\n<p>Site-ul companiei Concelex, disponibil la adresa www.concelex.ro, este de\u021binut de c\u0103tre Concelex, cu sediul social \u00een Bucuresti, str. Aeroportului nr. 120-130, sector 1, \u00eenregistrat\u0103 la Oficiul Registrului Comer\u0163ului Bucuresti sub nr. J40\/23131\/1994, C.I.F. RO 6544184, telefon: 021 318 54 89, fax: 021 318 54 80, e-mail: <a href=\"mailto:office@concelex.ro\">office@concelex.ro<\/a>.<\/p>\n<p>Nota de Informare privind Prelucrarea Datelor cu Caracter Personal&nbsp;\u0219i Politica&nbsp;Privind Prelucrarea Datelor cu Caracter Personal&nbsp;sunt parte a prezentelor Termene \u0219i Condi\u021bii, \u0219i descriu \u00een detaliu cum colect\u0103m, folosim \u0219i prelucr\u0103m informa\u021biile Utilizatorilor c\u00e2nd ace\u0219tia navigheaz\u0103 pe Site, precum \u0219i drepturile lor cu privire la datele cu caracter personal<u>.<\/u><\/p>\n<p>Pentru a putea utiliza Site-ul, utilizatorii trebuie s\u0103 aib\u0103 v\u00e2rsta minim\u0103 de 16 ani \u0219i s\u0103 fie de acord cu prezentul regulament de Termene \u0219i Condi\u021bii.<\/p>\n<p>Prin accesarea \u0219i utilizarea Site-ului, Utilizatorul ia cuno\u0219tin\u021b\u0103 de \u0219i accept\u0103 prezentele Termenele \u0219i Condi\u021bii, precum \u0219i celelalte politici relevante pentru Site.<\/p>\n<p>Daca nu sunte\u021bi de acord cu prezentele Termene \u0219i condi\u021bii sau cu o parte din prezentele Termene \u0219i condi\u021bii, v\u0103 rug\u0103m s\u0103 nu folosi\u021bi Site-ul \u00een niciun fel.<\/p><p><br><\/p>\n<p><\/p>\n<p><b>Definitii<\/b><\/p>\n<p><strong>Site<\/strong><\/p>\n<p><a href=\"http:\/\/www.promenada.ro\/\">www.concelex.ro<\/a><\/p>\n<p><\/p>\n<p><strong>Societatea<\/strong><\/p>\n<p>S.C. CONCELEX S.R.L.<\/p>\n<p><strong>Utilizatorul\/Utilizatorii<\/strong><\/p>\n<p>Orice utilizator(i) care navigheaz\u0103 \u0219i\/sau cite\u0219te(sc) \u0219i\/sau folose\u0219te(sc) \u0219i\/sau se aboneaz\u0103 la Newsletter.<\/p>\n<p><strong>Contract<\/strong><\/p>\n<p>Contractul \u00eencheiat \u00eentre Utilizator \u0219i Societate, conform prezentelor Termene \u0219i Condi\u021bii.<\/p>\n<p><strong>Parteneri Ter\u021bi<\/strong><\/p>\n<p>Partenerii Ter\u021bi reprezint\u0103 partenerii \u00een numele c\u0103rora comunic\u0103m cu Utilizatorii \u0219i sunt \u00eemp\u0103r\u021bi\u021bi \u00een: beneficiarii proiectelor din grupul Concelex, partenerii media, colaboratori \u0219i organizatori de evenimente.<\/p>\n<p>Partenerii Ter\u021bi nu au acces la datele cu caracter personal ale Utilizatorului, cu excep\u021bia cazurilor \u00een care Societatea a ob\u021binut un acord prealabil de la Utilizator \u00een acest sens.<\/p>\n<p><strong>Parteneri Asocia\u021bi<\/strong><\/p>\n<p>Societatea:<\/p>\n<p>S.C. CONCELEX S.R.L.<\/p>\n<p>Declar\u0103 c\u0103 este partener asociat cu Societatea \u00een \u00een\u021belesul prevederilor Regulamentelor Europene \u0219i c\u0103 obiectul contractului sau de asociere este str\u00e2ns legat de \u00eendeplinirea obliga\u021biilor societ\u0103\u021bii fa\u021b\u0103 de utilizatori \u00een ceea ce prive\u0219te livrarea serviciilor de pe site.<\/p>\n<p>\u00cen plus, utilizatorii sunt notifica\u021bi c\u0103 ace\u0219ti parteneri sunt Responsabili de respect\u0103rea obliga\u021biilor privind protec\u021bia datelor cu caracter personal av\u00e2nd \u00een vedere c\u0103 acestea \u2013 datele cu caracter personal \u2013 odata \u00eenregistrate de c\u0103tre unul din partenerii asocia\u021bi pot fi transferate c\u0103tre ceilal\u021bi.<\/p>\n<p><strong>Date cu caracter personal<\/strong><\/p>\n<p>Orice informa\u021bie \u00een leg\u0103tur\u0103 cu Utilizatorul care permite identificarea sa \u00een mod direct sau indirect, incluz\u00e2nd, dar f\u0103r\u0103 a se limita la nume, prenume, sex, data na\u0219terii, adresa e-mail, num\u0103r de telefon mobil, dac\u0103 este c\u0103s\u0103torit\/\u0103, dac\u0103 are copii, v\u00e2rsta copiilor etc. \u0219i care sunt furnizate de Utilizator cu scopul abon\u0103rii la Newsletter, a transmiterii de opinii \u0219i sugestii, a public\u0103rii de materiale sau pentru orice alte scopuri.<\/p>\n<p><strong>Consim\u021b\u0103m\u00e2ntul privind prelucrarea datelor cu caracter personal<\/strong><\/p>\n<p>\u00censeamn\u0103 orice manifestare de voin\u021b\u0103 liber\u0103, specific\u0103, informat\u0103 \u0219i lipsit\u0103 de ambiguitate a persoanei vizate prin care aceasta accept\u0103, printr-o declara\u021bie sau printr-o ac\u021biune f\u0103r\u0103 echivoc, c\u0103 datele cu caracter personal care o privesc s\u0103 fie prelucrate.<\/p>\n<p><strong>Responsabil cu protec\u021bia datelor cu caracter personal<\/strong><\/p>\n<p>Societatea \u0219i\/sau Partenerii asocia\u021bi numesc o persoan\u0103 al c\u0103rui scop este informarea \u0219i consilierea operatorului, sau a persoanei \u00eemputernicite de operator, precum \u0219i a angaja\u021bilor care se ocup\u0103 de prelucrare cu privire la obliga\u021biile care le revin \u00een temeiul legii precum \u0219i monitorizarea respect\u0103rii legilor referitoare la protec\u021bia datelor \u0219i a politicilor operatorului sau ale persoanei \u00eemputernicite de operator \u00een ceea ce prive\u0219te protec\u021bia datelor cu caracter personal, cooperarea cu autoritatea de supraveghere, asum\u0103rea rolului de punct de contact pentru autoritatea de supraveghere privind aspectele legate de prelucrare.<\/p>\n<p>Persoana de contact din partea operatorului de date, respectiv Responsabilul DPO (Data Protection Officers) din partea partenerului sau sunt:<\/p>\n<ul>\n<li>Reprezentantul Societ\u0103\u021bii sau ale altor societ\u0103\u021bi din grupul Concelex:<\/li>\n<\/ul>\n<p><a href=\"mailto:data.protection@nepirockcastle.com\">Bianca<\/a> Visan, dpo@concelex.ro<\/p>\n<p><\/p>\n<p>Accesarea Site-ului<\/p>\n<p>Utilizatorii pot accesa Site-ul pur \u0219i simplu pentru informare.<\/p>\n<p><\/p>\n<p>\u00cencheierea contractului<\/p>\n<p>\u00cenregistrarea \u0219i folosirea Site-ului constituie consim\u021b\u0103m\u00e2ntul expres \u0219i neechivoc al Utilizatorului cu privire la \u00eencheierea Contractului care include prezentele Termene \u0219i Condi\u021bii \u0219i Politica&nbsp;Privind Prelucrarea Datelor cu Caracter Personal.<\/p>\n<p><\/p>\n<p>Prin acceptarea prezentelor Termene \u0219i Condi\u021bii, Utilizatorul \u00een\u021belege c\u0103 orice alte angajamente ulterioare sau concomitente \u00een leg\u0103tura cu prezentele Termene \u0219i Condi\u021bii este inlocuita de prezentele Termene \u0219i Condi\u021bii. Prezentele Termene \u0219i Condi\u021bii nu creeaza drepturi pentru ter\u021be persoane.<\/p>\n<p><\/p>\n<p>Durata \u0219i \u00eencetarea contractului<\/p>\n<p>Contractul se consider\u0103 \u00eencheiat pentru o perioad\u0103 nedeterminat\u0103.<\/p>\n<p><\/p>\n<p>Utilizarea site-ului<\/p>\n<p>Utilizatorii nu au dreptul:<\/p>\n<ul>\n<li>s\u0103 acceseze \u0219i s\u0103 utilizeze Site-ul \u00een scopuri \u0219i prin mijloace care s\u0103 constituie o utilizare abuziv\u0103;<\/li>\n<li>s\u0103 foloseasc\u0103 Site-ul \u00eentr-o manier\u0103 sau s\u0103 \u00eentreprinda vreo ac\u021biune care cauzeaz\u0103 sau poate cauza prejudicii Site-ului sau deteriorarea performan\u021bei, disponibilit\u0103\u021bii sau accesibilit\u0103\u021bii Site-ului;<\/li>\n<li>s\u0103 foloseasc\u0103 Site-ul in orice manier\u0103 care este ilegal\u0103, frauduloas\u0103 sau prejudiciabil\u0103 sau \u00een conexiune cu orice activitate ilegal\u0103, frauduloas\u0103 sau prejudiciabil\u0103<\/li>\n<li>s\u0103 foloseasc\u0103 Site-ul pentru a copia, stoca, g\u0103zdui, transmite, folosi, publica sau distribui orice materiale care con\u021bin (sau sunt \u00een conexiune) cu spyware, viru\u0219i de calculator, Trojan horse, viermi sau orice alte software-uri de virusare a calculatoarelor;<\/li>\n<li>s\u0103 conduca orice activit\u0103\u021bi sistematice sau automate de colectare a datelor (incluz\u00e2nd, dar f\u0103r\u0103 a se limita la extragerea \u0219i recoltarea datelor) cu privire sau \u00een rela\u021bie cu Site-ul, f\u0103r\u0103 consim\u021b\u0103m\u00e2ntul prealabil \u0219i scris al Societ\u0103\u021bii;<\/li>\n<li>s\u0103 foloseasc\u0103 datele colectate de pe Site pentru orice activit\u0103\u021bi directe sau indirecte de comercializare (marketing), incluzand, dar f\u0103r\u0103 a se limita la e-mail marketing, SMS marketing, telemarketing \u0219i adresare direct\u0103 prin po\u0219t\u0103;<\/li>\n<li>s\u0103 foloseasc\u0103 datele colectate de pe Site pentru a contacta persoane fizice, juridice sau alte persoane \u0219i entit\u0103\u021bi.<\/li>\n<\/ul>\n<p>Politica privind prelucrarea datelor cu caracter personal<\/p>\n<p>Cadrul legal general care reglementeaz\u0103 protec\u021bia datelor cu caracter personal este reprezentat de c\u0103tre Regulamentul General privind Protec\u021bia Datelor cu Caracter Personal nr. 679\/2016 (\u201c<strong>GDPR<\/strong>\u201d) aplicabil \u00een Uniunea European\u0103.<\/p>\n<p><\/p>\n<p>Site-ul&nbsp;<u>www.concelex.ro<\/u>&nbsp;utilizeaz\u0103 cookies. Pentru mai multe informa\u021bii despre datele personale colectate prin f\u00ee\u0219ierele de tip cookies Utilizatorul trebuie s\u0103 consulte Politica Cookies disponibil\u0103 aici:&nbsp;<u>Politic\u0103 Cookies<\/u>.<\/p>\n<p><\/p>\n<p>Mai multe informa\u021bii cu privire la prelucrarea datelor tale cu caracter personal \u00een aceste scopuri, inclusiv cu privire la modul \u00een care \u00ee\u021bi po\u021bi retrage consim\u021b\u0103m\u00e2ntul, po\u021bi g\u0103si \u00een Nota de Informare privind Prelucrarea Datelor cu Caracter Personal&nbsp;\u0219i Politica&nbsp;Privind Prelucrarea Datelor cu Caracter Personal.<\/p>\n<p><\/p>\n<p>Proprietate intelectual\u0103<\/p>\n<p>Societatea respect\u0103 drepturile de proprietate intelectual\u0103 ale altora \u0219i solicit\u0103 Utilizatorilor ca \u0219i ace\u0219tia s\u0103 se conformeze oric\u0103ror drepturi de proprietate intelectual\u0103 de\u021binute de Societate sau de ter\u021be persoane.<\/p>\n<p><\/p>\n<p>Con\u021binutul \u0219i elementele grafice ale Site-ului, incluz\u00e2nd, dar f\u0103r\u0103 a se limita la \u00eentregul con\u021binut textual, surse tehnice ale tuturor serviciilor \u0219i facilit\u0103\u021bilor prezente \u0219i viitoare, sunt de\u021binute de Societate \u0219i\/sau, dup\u0103 caz, de Partenerii comerciali ai Societ\u0103\u021bii. Acestea sunt protejate prin drepturi de autor, drepturi asupra m\u0103rcilor \u0219i prin alte legi \u0219i tratate. Societatea nu \u00ee\u0219i asum\u0103 r\u0103spunderea pentru veridicitatea drepturilor de proprietate intelectual\u0103 de\u021binute de c\u0103tre Partenerii s\u0103i comerciali \u0219i care sunt utilizate pe Site ca urmare a acordului acestora din urm\u0103. \u00cen situa\u021bia \u00een care con\u021binutul site-ului face referire la Partenerii comerciali ai Societ\u0103\u021bii, \u00een concret fie la drepturi de proprietate intelectual\u0103 ale acestora, fie la activit\u0103\u021bile comerciale pe care ace\u0219tia le desf\u0103\u0219oar\u0103, respectiv campanii comerciale, produse \u0219i servicii, preturi etc., Societatea nu poart\u0103 r\u0103spunderea asupra acurate\u021bii \u0219i legalit\u0103\u021bii informa\u021biilor unui astfel de con\u021binut, care este pus la dispozi\u021bie \u00een integralitate de c\u0103tre Partenerii comerciali, ace\u0219tia din urm\u0103 purt\u00e2nd \u00eentreaga r\u0103spundere legal\u0103 cu privire la acest con\u021binut.<\/p>\n<p><\/p>\n<p>Prin folosirea anumitor instrumente specifice ale Site-ului, acolo unde este precizat, Utilizatorii \u00ee\u0219i cedeaz\u0103, c\u0103tre Societate, drepturile de proprietate intelectual\u0103 incluz\u00e2nd, dar f\u0103r\u0103 a se limita la textele publicate pe Site, f\u00ee\u0219ierele \u00eenc\u0103rcate pe Site.<\/p>\n<p><\/p>\n<p>Utilizatorii au obliga\u021bia de a respecta toate drepturile de proprietate intelectual\u0103 ale Societ\u0103\u021bii precum \u0219i ale Partenerilor s\u0103i promova\u021bi pe Site, prevazute de legisla\u021bia \u00een vigoare. Utilizatorilor le este interzis s\u0103 foloseasc\u0103 orice imagine, marc\u0103 sau semn apar\u021bin\u00e2nd Societ\u0103\u021bii sau ter\u021belor persoane, dac\u0103 nu au ob\u021binut \u00een prealabil consim\u021b\u0103m\u00e2ntul scris al titularilor legali.<\/p>\n<p><\/p>\n<p>Utilizatorii pot vizualiza, desc\u0103rca \u0219i imprima pagini alte Site-ului numai pentru uzul personal, care face obiectul restric\u021biilor men\u021bionate mai jos sau \u00een orice alte clauze din prezentele Termene \u0219i Condi\u021bii. Orice utilizare a con\u021binutului pentru alte scopuri, dec\u00e2t scopul personal, poate fi efectuat\u0103 numai cu ob\u021binerea in prealabil a consim\u021b\u0103m\u00e2ntului scris al Societ\u0103\u021bii \u0219i prin indicarea sursei informa\u021biei.<\/p>\n<p>\u00cen acest sens, Utilizatorilor le este interzis:<\/p>\n<ul>\n<li>s\u0103 republice materialele de pe Site (incluz\u00e2nd republicarea pe alte site-uri);<\/li>\n<li>s\u0103 v\u00e2nd\u0103 \u00eenchirieze sau sub-licentieze materialele de pe Site;<\/li>\n<li>s\u0103 prezinte orice materiale de pe Site \u00een public;<\/li>\n<li>s\u0103 reproduc\u0103, duplice, copieze sau exploateze materialele de pe Site \u00een scopuri comerciale;<\/li>\n<li>s\u0103 redistribuie materialele de pe Site, cu excep\u021bia con\u021binutului specific sau f\u0103cut expres disponibil pentru redistribuire.<\/li>\n<\/ul>\n<p>Cererile pentru folosirea con\u021binutului Site-ului pentru alte scopuri dec\u00e2t cel personal, pot fi adresate la adresa Bucuresti, Str. Aeroportului, nr. 120-130, sector 1, Romania, prin e-mail <u>office@concelex.ro<\/u><\/p>\n<p>Aceste Termene \u0219i Condi\u021bii nu garanteaza Utilizatorilor niciun drept, titlu sau interes cu privire la Site, la con\u021binutul detinut de alte persoane \u0219i publicat pe Site, la m\u0103rcile, semnele sau alte drepturi de proprietate intelectual\u0103 de\u021binute de Societate.<\/p>\n<p>Av\u00e2nd \u00een vedere faptul c\u0103 Societatea dore\u0219te \u00eembun\u0103t\u0103\u021birea experien\u021bei Utilizatorilor pe Site, aceasta \u00eencurajeaz\u0103 opiniile \u0219i sugestiile; totu\u0219i, Societatea poate folosi comentariile sau sugestiile f\u0103r\u0103 niciun fel de obliga\u021bie fa\u021b\u0103 de Utilizatori.<\/p>\n<p>Opiniile \u0219i sugestiile pot fi transmise la adresa Bucuresti, Str. Aeroportului, nr. 120-130, sector 1, Romania, prin e-mail <a href=\"mailto:office@concelex.ro\">office@concelex.ro<\/a><u>.<\/u><\/p>\n<p><\/p>\n<p>Renun\u021b\u0103ri \u0219i cesiuni<\/p>\n<p>Nicio situa\u021bie \u00een care Societatea nu ac\u021bioneaz\u0103 de \u00eendata pentru realizarea unui drept al sau nu va fi interpretat\u0103 ca o renun\u021bare la acel drept sau la realizarea acestuia.<\/p>\n<p>Dac\u0103 o prevedere din prezentele Termene \u0219i Condi\u021bii se va dovedi nevalid\u0103 sau f\u0103r\u0103 efect, celelalte prevederi nu vor fi afectate de aceasta, r\u0103m\u00e2n\u00e2nd \u00een vigoare \u0219i pe deplin valide, fiind interpretate \u00een sensul cel mai extins permis de lege.<\/p>\n<p>\u00cen cazul de mai sus, prevederea nevalid\u0103 sau f\u0103r\u0103 efect va fi \u00eenlocuit\u0103 printr-o alta, acceptabil\u0103 din punct de vedere legal, \u0219i care s\u0103 produc\u0103 efecte juridice c\u00e2t mai apropiate de inten\u021bia Societ\u0103\u021bii. Cele de mai sus se aplic\u0103 \u0219i \u00een cazul omisiunilor.<\/p>\n<p>Utilizatorii nu \u00ee\u0219i pot ceda parte sau totalitatea drepturilor, \u00een temeiul prezentelor Termene \u0219i Condi\u021bii.<\/p>\n<p>Societatea \u00ee\u0219i poate ceda drepturile c\u0103tre oricare dintre subsidiarele sau filialele sale, ori c\u0103tre alte societ\u0103\u021bi din grupul Concelex, ori c\u0103tre orice succesor \u00een drepturi asociat cu Site-ul .<\/p>\n<p><\/p>\n<p>Limitarea r\u0103spunderii<\/p>\n<p>Societatea pune la dispozi\u021bie Site-ul CA ATARE, CU TOATE VICIILE \u0219i ASTFEL CUM ACESTA ESTE DISPONIBIL, f\u0103r\u0103 vreo garan\u021bie expres\u0103 sau implicit\u0103. NEG\u0102M DE ASEMENEA ORICE GARAN\u021aIE, INCLUSIV ORICE GARAN\u021aII DE COMERCIALIZARE, CALITATE SATISFACATOARE, PRECIZIE PENTRU UN SCOP SAU NEVOIE SPECIAL\u0102. NU GARANT\u0102M C\u0102 REZULTATUL CARE POATE FI OB\u021aINUT DIN UTILIZAREA SITE-ULUI VA FI EFECTIV, SIGUR SAU PRECIS SAU C\u0102 VA \u00ceNTRUNI CERIN\u021aELE UTILIZATORULUI.<\/p>\n<p>Societatea nu garanteaz\u0103 ca Site-ul va fi disponibil \u00een mod constant sau disponibil.<\/p>\n<p>Dac\u0103 sunt necesare lucrari de \u00eentre\u021binere \u0219i Site-ul nu este disponibil pentru motive de \u00eentre\u021binere, Societatea va informa Utilizatorii la momentul acces\u0103rii Site-ului.<\/p>\n<p>Societatea nu va fi r\u0103spunz\u0103toare pentru c\u0103deri de internet\/re\u021bea \u0219i, \u00een special, pentru c\u0103deri din cauza c\u0103rora Site-ul nu poate fi accesat ca urmare a unor dificult\u0103\u021bi tehnice sau de alt\u0103 natur\u0103 care se reg\u0103sesc \u00een afara sferei de influen\u021b\u0103 a Societ\u0103\u021bii, de ex. for\u021ba major\u0103, culpa ter\u021belor persoane.<\/p>\n<p>Societatea nu r\u0103spunde pentru datele personale inexacte \u0219i\/sau neadev\u0103rate furnizate de Utilizatori, \u00een special pentru cele furnizate de minori, cu scopul de a crea aparen\u021ba v\u00e2rstei minime de 16 ani.<\/p>\n<p>Utilizatorul \u00een\u021belege faptul c\u0103 Societatea nu are control \u0219i nici obliga\u021bia de a ac\u021biona cu privire la:<\/p>\n<ul>\n<li>con\u021binutul care este accesat de c\u0103tre Utilizator prin intermediul Site-ului;<\/li>\n<li>efectul con\u021binutului asupra Utilizatorului accesat prin intermediul Site-ului;<\/li>\n<li>interpretarea sau utilizarea de c\u0103tre Utilizator a con\u021binutului Site-ului;<\/li>\n<li>actiunile pe care le intreprinde Utilizatorul ca urmare a acces\u0103rii con\u021binutului Site-ului;<\/li>\n<li>con\u021binutul sau acurate\u021bea, conformitatea cu dreptul de autor, legalitatea sau decen\u021ba materialelor\/informa\u021biilor care se reg\u0103sesc pe link-urile care trimit c\u0103tre alte site-uri, de Politica&nbsp;Privind Prelucrarea Datelor cu Caracter Personal \u0219i de regulamentul de termene \u0219i condi\u021biile practicate de ace\u0219tia. Se recomand\u0103 consultarea \u00een prealabil a termenilor legali \u0219i a celorlalte informa\u021bii referitoare la colectarea informa\u021biilor cu caracter personal. Normele expuse \u00een acest text se aplic\u0103 doar \u00een cazul informa\u021biilor colectate pe acest Site;<\/li>\n<li>prejudiciile create de erorile, neacurate\u021bea sau neactualizarea informa\u021biilor publicate pe Site \u0219i care provin din surse externe;<\/li>\n<li>prejudiciile create ca urmare a nefunc\u021bion\u0103rii Site-ului precum \u0219i pentru cele rezult\u00e2nd din imposibilitatea de accesare a anumitor link-uri publicate pe Site.\n<ul>\n<li>Societatea nu \u00ee\u0219i asum\u0103 r\u0103spunderea pentru nicio daun\u0103 indirect\u0103, special\u0103, incidental\u0103 care rezult\u0103 din utilizarea, sau incapacitatea de a utiliza Site-ul.<\/li>\n<\/ul>\n<\/li>\n<li>Utilizatorul \u00een\u021belege c\u0103 Societatea nu r\u0103spunde de nicio pierdere, costuri, procese, preten\u021bii, cheltuieli sau alte raspunderi, \u00een cazul \u00een care acestea sunt cauzate direct de nerespectarea prezentelor Termene \u0219i Condi\u021bii.<\/li>\n<li>Societatea nu garanteaza utilizarea optim\u0103 a Site-ului dec\u00e2t prin utilizarea browserului Internet Explorer cel putin la nivelul versiunea 9, Google Chrome, Mozilla Firefox, Safari.<\/li>\n<\/ul>\n<p>Drept aplicabil \u00een instan\u021ba competent\u0103<\/p>\n<p>Aceste Termene \u0219i Condi\u021bii sunt guvernate \u0219i interpretate \u00een conformitate cu dreptul rom\u00e2n.<\/p>\n<p>Se va \u00eencerca \u00een prealabil rezolvarea oric\u0103rei dispute \u00een legatura cu prezentele Termene \u0219i Condi\u021bii, pe cale amiabil\u0103 \u00een termen de 15 zile lucratoare de la data sesiz\u0103rii \u00een scris a problemelor, de c\u0103tre Utilizator. \u00cen cazul \u00een care p\u0103r\u021bile nu ajung la un acord cu privire la disput\u0103, aceasta va fi adresata spre solu\u021bionare instan\u021bei rom\u00e2ne competente.<\/p>\n<p>Consumatorii nu pot renun\u021ba la drepturile lor conferite de lege. Orice clauze contractuale care \u00eenlatur\u0103 sau limiteaz\u0103 drepturile conferite de lege consumatorilor nu vor produce efecte cu privire la ace\u0219tia.<\/p>\n<p><\/p>\n<p>Modific\u0103ri ale Termenelor \u0219i Condi\u021biilor<\/p>\n<p>Prezentul regulament de Termene \u0219i Condi\u021bii a fost actualizat la 20 ianuarie 2021.<\/p>\n<p>Concelex \u00ee\u0219i rezerva dreptul de a revizui \u0219i actualiza aceast regulament de Termene \u0219i Condi\u021bii, \u00een orice moment.<\/p>\n<p>Astfel, te rug\u0103m s\u0103 verifici sec\u021biunea aferent\u0103 Termene \u0219i Condi\u021bii, atunci c\u00e2nd accesezi site-ul, pentru c\u0103 este posibil s\u0103 fi intervenit modific\u0103ri de la ultima vizit\u0103.<\/p>\n<p>Daca ai \u00eentreb\u0103ri cu privire la informa\u021biile cuprinse \u00een aceast\u0103 pagin\u0103 te rug\u0103m s\u0103 ne scrii la adresa&nbsp;office@concelex.ro.<\/p>\n<p>Prin continuarea folosirii Site-ului ulterior intr\u0103rii \u00een vigoare a unor modific\u0103ri\/complet\u0103ri, Utilizatorul este de acord s\u0103 le respecte.<\/p>\n<p>\u00ceN CAZUL \u00ceN CARE UTILIZATORUL NU DORE\u0218TE S\u0102 ACCEPTE PREZENTELE TERMENE \u0218I CONDI\u021aII, INCLUSIV MODIFIC\u0102RILE\/COMPLET\u0102RILE ACESTORA, TREBUIE S\u0102 \u00ceNCETEZE S\u0102 MAI FOLOSEASC\u0102 SITE-UL.<\/p>\n<p><\/p>\t\t\t\t\t<\/div>\n\t\t\t\t\t\t<\/div>\n\t\t\t\t<\/div>\n\t\t\t\t\t\t<\/div>\n\t\t\t\t\t<\/div>\n\t\t<\/div>\n\t\t\t\t\t\t\t\t<\/div>\n\t\t\t\t\t<\/div>\n\t\t<\/section>\n\t\t\t\t\t\t<\/div>\n\t\t\t\t\t<\/div>\n\t\t<\/div>\n\t\t\t\t\t\t\t\t<\/div>\n\t\t\t\t\t<\/div>\n\t\t<\/section>\n\t\t\t\t\t\t\t\t\t<\/div>\n\t\t\t<\/div>\n\t\t\t\t\t<\/div>","protected":false},"excerpt":{"rendered":"<p>Prevederi generale Site-ul companiei Concelex, disponibil la adresa www.concelex.ro, este de\u021binut de c\u0103tre Concelex, cu sediul social \u00een Bucuresti, str. Aeroportului nr. 120-130, sector 1, \u00eenregistrat\u0103 la Oficiul Registrului Comer\u0163ului Bucuresti sub nr. J40\/23131\/1994, C.I.F. RO 6544184, telefon: 021 318 54 89, fax: 021 318&#8230;<\/p>","protected":false},"author":1,"featured_media":0,"parent":0,"menu_order":0,"comment_status":"open","ping_status":"closed","template":"full_width.php","meta":[],"_links":{"self":[{"href":"https:\/\/concelex.ro\/ro\/wp-json\/wp\/v2\/pages\/19465"}],"collection":[{"href":"https:\/\/concelex.ro\/ro\/wp-json\/wp\/v2\/pages"}],"about":[{"href":"https:\/\/concelex.ro\/ro\/wp-json\/wp\/v2\/types\/page"}],"author":[{"embeddable":true,"href":"https:\/\/concelex.ro\/ro\/wp-json\/wp\/v2\/users\/1"}],"replies":[{"embeddable":true,"href":"https:\/\/concelex.ro\/ro\/wp-json\/wp\/v2\/comments?post=19465"}],"version-history":[{"count":0,"href":"https:\/\/concelex.ro\/ro\/wp-json\/wp\/v2\/pages\/19465\/revisions"}],"wp:attachment":[{"href":"https:\/\/concelex.ro\/ro\/wp-json\/wp\/v2\/media?parent=19465"}],"curies":[{"name":"wp","href":"https:\/\/api.w.org\/{rel}","templated":true}]}}