{"id":19453,"date":"2021-01-11T15:48:30","date_gmt":"2021-01-11T15:48:30","guid":{"rendered":"https:\/\/concelex.ro\/?page_id=19453"},"modified":"2021-01-11T15:50:10","modified_gmt":"2021-01-11T15:50:10","slug":"politica-de-utilizare-cookie-uri","status":"publish","type":"page","link":"https:\/\/concelex.ro\/ro\/politica-de-utilizare-cookie-uri\/","title":{"rendered":"POLITICA DE UTILIZARE COOKIE-URI"},"content":{"rendered":"<div data-elementor-type=\"wp-page\" data-elementor-id=\"19453\" class=\"elementor elementor-19453\">\n\t\t\t\t\t\t<div class=\"elementor-inner\">\n\t\t\t\t<div class=\"elementor-section-wrap\">\n\t\t\t\t\t\t\t\t\t<section class=\"elementor-section elementor-top-section elementor-element elementor-element-e4e7718 elementor-section-boxed elementor-section-height-default elementor-section-height-default parallax_section_no qode_elementor_container_no\" data-id=\"e4e7718\" data-element_type=\"section\">\n\t\t\t\t\t\t<div class=\"elementor-container elementor-column-gap-default\">\n\t\t\t\t\t\t\t<div class=\"elementor-row\">\n\t\t\t\t\t<div class=\"elementor-column elementor-col-100 elementor-top-column elementor-element elementor-element-656938a\" data-id=\"656938a\" data-element_type=\"column\">\n\t\t\t<div class=\"elementor-column-wrap elementor-element-populated\">\n\t\t\t\t\t\t\t<div class=\"elementor-widget-wrap\">\n\t\t\t\t\t\t<section class=\"elementor-section elementor-inner-section elementor-element elementor-element-32caef6 elementor-section-boxed elementor-section-height-default elementor-section-height-default parallax_section_no qode_elementor_container_no\" data-id=\"32caef6\" data-element_type=\"section\">\n\t\t\t\t\t\t<div class=\"elementor-container elementor-column-gap-default\">\n\t\t\t\t\t\t\t<div class=\"elementor-row\">\n\t\t\t\t\t<div class=\"elementor-column elementor-col-100 elementor-inner-column elementor-element elementor-element-aedbd1f\" data-id=\"aedbd1f\" data-element_type=\"column\">\n\t\t\t<div class=\"elementor-column-wrap elementor-element-populated\">\n\t\t\t\t\t\t\t<div class=\"elementor-widget-wrap\">\n\t\t\t\t\t\t<div class=\"elementor-element elementor-element-1495ac6 elementor-widget elementor-widget-text-editor\" data-id=\"1495ac6\" data-element_type=\"widget\" data-widget_type=\"text-editor.default\">\n\t\t\t\t<div class=\"elementor-widget-container\">\n\t\t\t\t\t\t\t\t<div class=\"elementor-text-editor elementor-clearfix\">\n\t\t\t\t<p>Site-ul\u00a0<a href=\"https:\/\/concelex.ro\/ro\/\">www.concelex.ro<\/a>\u00a0utilizeaz\u0103 cookie-uri pentru a oferi vizitatorilor s\u0103i o experien\u021b\u0103 mai bun\u0103 de navigare \u0219i servicii adaptate intereselor fiec\u0103rui vizitator. V\u0103 prezent\u0103m mai jos informa\u021biile necesare pentru a v\u0103 aduce la cuno\u0219tin\u021b\u0103 detaliile legate de plasarea, utilizarea \u0219i administrarea cookie-urilor utilizate de site-ul\u00a0<a href=\"https:\/\/concelex.ro\/ro\/\">www.concelex.ro<\/a>.<\/p><p>Similar, \u00een mediul online, exist\u0103 \u0219i alte site-uri, pagini personalizate inclusiv pe platforme ale ter\u021belor p\u0103r\u021bi (cum ar fi Facebook sau YouTube) \u0219i aplica\u021biilor accesate sau utilizate prin asemenea site-uri care sunt operate de sau \u00een numele firmei CONCELEX S.R.L. \u0219i care folosesc cookie-uri conform celor prezentate mai jos.<\/p><p><strong>\u00a0<\/strong><\/p><p><strong>Aplicabilitatea acestei Politici<\/strong><\/p><p>Aceast\u0103 Politic\u0103 se aplic\u0103 site-ului\u00a0<a href=\"https:\/\/concelex.ro\/ro\/\">www.concelex.ro<\/a>.<\/p><p>Utiliz\u00e2nd acest site, sunte\u021bi de acord cu modul de utilizare de c\u0103tre noi a cookie-urilor, \u00een conformitate cu aceast\u0103 Politic\u0103 privind utilizarea lor.<\/p><p>Dac\u0103 nu sunte\u021bi de acord cu modul nostru de utilizare a cookie-urilor, trebuie s\u0103 seta\u021bi corespunz\u0103tor set\u0103rile browser-ului dumneavoastr\u0103.<\/p><p>Decuplarea cookie-urilor pe care le utiliz\u0103m ar putea afecta experien\u021ba dumneavoastr\u0103 ca utilizator pe acest site.<\/p><p><strong>\u00a0<\/strong><\/p><p><strong>Ce sunt cookie-urile?<\/strong><\/p><p>Cookie-urile sunt fi\u0219iere de mici dimensiuni, formate din litere \u0219i numere, care vor fi stocate pe computerul, terminalul mobil sau alte echipamente ale unui utilizator de pe care se acceseaz\u0103 internetul.<\/p><p>Cookie-urile sunt instalate prin solicitarea emis\u0103 de c\u0103tre un web-server, unui browser (ex: Internet Explorer, Chrome).<\/p><p>Cookie-urile sunt complet \u201cpasive\u201d (nu con\u021bin programe software, viru\u0219i sau spyware \u0219i nu pot accesa informa\u021biile de pe hard driverul utilizatorului).<\/p><p>Un cookie este format din 2 p\u0103r\u021bi: numele \u0219i con\u021binutul sau valoarea cookie-ului. Durata de existen\u021b\u0103 a unui cookie este determinat\u0103; tehnic, doar webserverul care a trimis cookie-ul \u00eel poate accesa din nou \u00een momentul \u00een care un utilizator se \u00eentoarce pe website-ul asociat web-serverului respectiv.<\/p><p>Cookie-urile \u00een sine nu solicit\u0103 informa\u021bii cu caracter personal pentru a putea fi utilizate \u0219i, \u00een cele mai multe cazuri, nu identific\u0103 personal utilizatorii de internet.<\/p><p><strong>\u00a0<\/strong><\/p><p><strong>Exist\u0103 2 categorii mari de cookie-uri:<\/strong><\/p><ul><li>cookie-uri de sesiune: sunt stocate temporar \u00een dosarul de cookie-uri al browserului web pentru ca acesta s\u0103 le memoreze p\u00e2n\u0103 c\u00e2nd utilizatorul iese de pe web-siteul respectiv sau \u00eenchide fereastra browserului;<\/li><li>cookie-uri persistente: sunt stocate pe hard-drive-ul unui computer sau echipament \u0219i sunt activate din nou c\u00e2nd vizita\u021bi site-ul care a creat acel cookie specific. Cookie-urile persistente le includ \u0219i pe cele plasate de un alt website dec\u00e2t cel pe care il viziteaz\u0103 utilizatorul la momentul respectiv. Acestea sunt cunoscute sub numele de \u201cthird party cookies\u201d respectiv cookie-uri plasate de ter\u021bi. Acestea memoreaz\u0103 interesele unui utilizator pentru a livra publicitate c\u00e2t mai relevant\u0103 pentru acesta.<\/li><\/ul><p><strong>\u00a0<\/strong><\/p><p><strong>Care este durata de via\u021b\u0103 a unui cookie?<\/strong><\/p><p>Durata de via\u021b\u0103 a unui cookie poate varia semnificativ, \u00een func\u021bie de scopul pentru care acesta este plasat. Unele cookie-uri sunt menite unei singure utiliz\u0103ri (cum este cazul cookie-urilor de sesiune), prin urmare nu sunt men\u021binute odat\u0103 ce utilizatorul p\u0103r\u0103se\u0219te site-ul. Alte cookie-uri sunt men\u021binute \u0219i reutilizate de fiecare dat\u0103 c\u00e2nd utilizatorul revine pe site (cookie-uri persistente). Totu\u0219i, cookie-urile pot fi \u0219terse de utilizator \u00een orice moment prin utilizarea set\u0103rilor browser-ului.<\/p><p><strong>\u00a0<\/strong><\/p><p><strong>Ce sunt cookie-urile plasate de ter\u021bi?<\/strong><\/p><p>Unele sec\u021biuni de con\u021binut ale unor site-uri pot fi furnizate prin cookie-uri ale ter\u021bilor cum este cazul unei reclame. Astfel de cookie-uri pot fi plasate pe site \u0219i sunt denumite cookie-uri plasate de ter\u021bi \u00eentruc\u00e2t nu sunt plasate de proprietarul site-ului. Astfel de ter\u021bi sunt la r\u00e2ndul lor obliga\u021bi s\u0103 respecte reglement\u0103rile legale aplicabile \u0219i politicile de confiden\u021bialitate ale proprietarului site-ului respectiv.<\/p><p><strong>\u00a0<\/strong><\/p><p><strong>De ce sunt cookie-urile importante pentru internet?<\/strong><\/p><p>Cookie-urile reprezint\u0103 punctul central al func\u021bion\u0103rii eficiente a Internetului, ajut\u00e2nd la generarea unei experien\u021be de navigare prietenoase \u0219i adaptat\u0103 preferin\u021belor \u0219i intereselor fiec\u0103rui utilizator. Refuzarea sau dezactivarea cookie-urilor poate face unele site-uri imposibil de folosit. Refuzarea sau dezactivarea cookie-urilor nu \u00eenseamn\u0103 c\u0103 nu ve\u021bi mai primi publicitate online \u2013 ci doar c\u0103 aceasta nu va mai putea \u021bine cont de preferin\u021bele \u0219i interesele dvs, eviden\u021biate prin comportamentul de navigare. Exemple de \u00eentrebuin\u021b\u0103ri importante ale cookie-urilor (care nu necesit\u0103 autentificarea unui utilizator prin intermediul unui cont):<\/p><ul><li>Con\u021binut \u0219i servicii adaptate preferin\u021belor utilizatorului \u2013 categorii de produse \u0219i servicii;<\/li><li>Oferte adaptate pe interesele utilizatorilor \u2013 re\u021binerea parolelor;<\/li><li>Re\u021binerea filtrelor de protec\u021bie a copiilor privind con\u021binutul pe Internet (op\u021biuni family mode, func\u021bii de safe search);<\/li><li>Limitarea frecven\u021bei de difuzare a reclamelor \u2013 limitarea num\u0103rului de afi\u0219\u0103ri a unei reclame pentru un anumit utilizator pe un site;<\/li><li>Furnizarea de publicitate mai relevant\u0103 pentru utilizator;<\/li><li>M\u0103surarea, optimizarea \u0219i caracteristicile de Analytics \u2013 cum ar fi confirmarea unui anumit nivel de trafic pe un website, ce tip de con\u021binut este vizualizat \u0219i modul cum un utilizator ajunge pe un website (exemplu: prin motoare de c\u0103utare, direct, din alte website-uri etc). Website-urile deruleaz\u0103 aceste analize ale utiliz\u0103rii lor pentru a \u00eembun\u0103t\u0103\u021bi site-urile \u00een beneficiul user-ilor.<\/li><\/ul><p><strong>\u00a0<\/strong><\/p><p><strong>Ce tipuri de cookie-uri folosim?<\/strong><\/p><p>Acces\u00e2nd acest site se pot plasa urm\u0103toarele tipuri de cookie-uri:<\/p><ul><li>de performan\u021b\u0103 a site-ului: acestea re\u021bin preferin\u021bele utilizatorului pe acest site;<\/li><li>de analiz\u0103 a vizitatorilor: acestea ne spun dac\u0103 a\u021bi mai vizitat acest site p\u00e2n\u0103 acum; browserul ne va spune dac\u0103 ave\u021bi acest cookie, iar dac\u0103 nu, vom genera unul;<\/li><li>pentru geotargetting: acestea sunt utilizate de c\u0103tre un soft care stabile\u0219te din ce \u021bar\u0103 proveni\u021bi, sunt complet anonime \u0219i sunt folosite doar pentru targetarea con\u021binutului;<\/li><li>de \u00eenregistrare: acestea ne anun\u021b\u0103 dac\u0103 sunte\u021bi \u00eenregistrat sau nu, ne arat\u0103 contul cu care sunte\u021bi \u00eenregistrat \u0219i dac\u0103 ave\u021bi permisiunea pentru un anumit serviciu;<\/li><li>pentru publicitate: pe baza acestora putem afla dac\u0103 a\u021bi vizualizat sau nu o reclam\u0103 online, ce tip de reclam\u0103 \u0219i c\u00e2t timp a trecut de c\u00e2nd a\u021bi vizualizat aceast\u0103 reclam\u0103.<\/li><\/ul><p><strong>\u00a0<\/strong><\/p><p><strong>Cookie-urile con\u021bin date personale?<\/strong><\/p><p>Cookie-urile \u00een sine nu solicit\u0103 informa\u021bii cu caracter personal pentru a putea fi utilizate \u0219i, \u00een cele mai multe cazuri, nu identific\u0103 personal utilizatorii de internet. Datele personale pot fi colectate prin utilizarea Cookie-urilor doar pentru a facilita anumite func\u021bionalit\u0103\u021bi pentru utilizator.<\/p><p><strong>\u00a0<\/strong><\/p><p><strong>Cum pute\u021bi modifica set\u0103rile cookie din browser-ul dumneavoastr\u0103?<\/strong><\/p><p>\u0218tergerea Cookie-urilor. Aplica\u021biile folosite pentru accesarea paginilor web permit salvarea Cookie-urilor pe terminal \u00een mod implicit. Aceste set\u0103ri pot fi schimbate \u00een a\u0219a fel inc\u00e2t administrarea automat\u0103 a Cookie-urilor s\u0103 fie blocat\u0103 de browser-ul web sau utilizatorul s\u0103 fie informat de fiecare dat\u0103 c\u00e2nd Cookie-uri sunt trimise c\u0103tre terminalul s\u0103u. Informa\u021bii detaliate despre posibilit\u0103\u021bile \u0219i modurile de administrare a Cookie-urilor pot fi g\u0103site \u00een zona de set\u0103ri a aplica\u021biei (browser-ului web). Limitarea folosirii Cookie-urilor poate afecta anumite func\u021bionalit\u0103\u021bi ale paginii web.<\/p><p>Majoritatea browserelor ofer\u0103 posibilitatea de a schimba set\u0103rile cookie-urilor. Aceste set\u0103ri se g\u0103sesc de regul\u0103 \u00een \u201cop\u021biuni\u201d sau \u00een meniul de \u201cpreferin\u021be\u201d al browserului t\u0103u.<\/p><p>Pentru a \u00een\u021belege aceste set\u0103ri, urm\u0103toarele linkuri pot fi folositoare, altfel pute\u021bi folosi op\u021biunea \u201cajutor\u201d a browserului pentru mai multe detalii.<\/p><p><em>Cookie settings in Internet Explorer<\/em><br \/><em>Cookie settings in Firefox<\/em><br \/><em>Cookie settings in Chrome<\/em><br \/><em>Cookie settings in Safari<\/em><\/p><p>Pentru set\u0103rile cookie-urilor generate de ter\u021bi, pute\u021bi consulta \u0219i site-ul\u00a0<a href=\"http:\/\/www.youronlinechoices.com\/ro\/\">http:\/\/www.youronlinechoices.com\/ro\/<\/a><\/p><p><strong>\u00a0<\/strong><\/p><p><strong>Link-uri utile<\/strong><\/p><p>Pentru a afla mai multe informa\u021bii despre cookie-uri \u0219i la ce sunt utilizate, recomand\u0103m urm\u0103toarele linkuri:<\/p><p>Microsoft Cookies guide<\/p><p>All About Cookies<\/p><p><a href=\"http:\/\/www.youronlinechoices.com\/ro\/\">http:\/\/www.youronlinechoices.com\/ro\/<\/a><\/p><p><a href=\"http:\/\/www.legi-internet.ro\/legislatie-itc\/date-cu-caracter-personal\/legea-privind-prelucrarea-datelor-cu-caracter-personal-si-protectia-vietii-private-in-sectorul-comunicatiilor-electronice\/oug-13-2012.html\">http:\/\/www.legi-internet.ro\/legislatie-itc\/date-cu-caracter-personal\/legea-privind-prelucrarea-datelor-cu-caracter-personal-si-protectia-vietii-private-in-sectorul-comunicatiilor-electronice\/oug-13-2012.html<\/a><\/p><p>\u00cen cazul \u00een care dori\u021bi s\u0103 ne adresa\u021bi orice solicitare cu privire la detaliile de mai sus, v\u0103 rug\u0103m s\u0103 ne contacta\u021bi \u00een scris acces\u00e2nd formularul de contact din site sau s\u0103 ne scrie\u021bi la email\u00a0<u><a href=\"mailto:office@concelex.ro\">office@concelex.ro<\/a><\/u>.<\/p><p>\u00a0<\/p>\t\t\t\t\t<\/div>\n\t\t\t\t\t\t<\/div>\n\t\t\t\t<\/div>\n\t\t\t\t\t\t<\/div>\n\t\t\t\t\t<\/div>\n\t\t<\/div>\n\t\t\t\t\t\t\t\t<\/div>\n\t\t\t\t\t<\/div>\n\t\t<\/section>\n\t\t\t\t\t\t<\/div>\n\t\t\t\t\t<\/div>\n\t\t<\/div>\n\t\t\t\t\t\t\t\t<\/div>\n\t\t\t\t\t<\/div>\n\t\t<\/section>\n\t\t\t\t\t\t\t\t\t<\/div>\n\t\t\t<\/div>\n\t\t\t\t\t<\/div>","protected":false},"excerpt":{"rendered":"<p>Site-ul\u00a0www.concelex.ro\u00a0utilizeaz\u0103 cookie-uri pentru a oferi vizitatorilor s\u0103i o experien\u021b\u0103 mai bun\u0103 de navigare \u0219i servicii adaptate intereselor fiec\u0103rui vizitator. V\u0103 prezent\u0103m mai jos informa\u021biile necesare pentru a v\u0103 aduce la cuno\u0219tin\u021b\u0103 detaliile legate de plasarea, utilizarea \u0219i administrarea cookie-urilor utilizate de site-ul\u00a0www.concelex.ro. Similar, \u00een mediul&#8230;<\/p>","protected":false},"author":1,"featured_media":0,"parent":0,"menu_order":0,"comment_status":"open","ping_status":"closed","template":"full_width.php","meta":[],"_links":{"self":[{"href":"https:\/\/concelex.ro\/ro\/wp-json\/wp\/v2\/pages\/19453"}],"collection":[{"href":"https:\/\/concelex.ro\/ro\/wp-json\/wp\/v2\/pages"}],"about":[{"href":"https:\/\/concelex.ro\/ro\/wp-json\/wp\/v2\/types\/page"}],"author":[{"embeddable":true,"href":"https:\/\/concelex.ro\/ro\/wp-json\/wp\/v2\/users\/1"}],"replies":[{"embeddable":true,"href":"https:\/\/concelex.ro\/ro\/wp-json\/wp\/v2\/comments?post=19453"}],"version-history":[{"count":0,"href":"https:\/\/concelex.ro\/ro\/wp-json\/wp\/v2\/pages\/19453\/revisions"}],"wp:attachment":[{"href":"https:\/\/concelex.ro\/ro\/wp-json\/wp\/v2\/media?parent=19453"}],"curies":[{"name":"wp","href":"https:\/\/api.w.org\/{rel}","templated":true}]}}