{"id":19193,"date":"2021-01-07T20:02:10","date_gmt":"2021-01-07T20:02:10","guid":{"rendered":"https:\/\/concelex.ro\/?page_id=19193"},"modified":"2021-01-08T18:57:23","modified_gmt":"2021-01-08T18:57:23","slug":"energy","status":"publish","type":"page","link":"https:\/\/concelex.ro\/ro\/energy\/","title":{"rendered":"ENERGIE"},"content":{"rendered":"<div      class=\"vc_row wpb_row section vc_row-fluid\" style=' text-align:left;'><div class=\"full_section_inner clearfix\"><div class=\"wpb_column vc_column_container vc_col-sm-12\"><div class=\"vc_column-inner\"><div class=\"wpb_wrapper\"><div class=\"separator  transparent\" style=\"margin-top: 50px;margin-bottom: 20px;\"><\/div>\n<div class='projects_holder_outer v4 portfolio_no_space portfolio_with_hover_text'>\n        <div class='projects_holder portfolio_main_holder clearfix v4  hover_text no_space portfolio_square_image'>\n        \n        <article class='mix portfolio_category_65 default' style=''>\n    \n    \n    \n                <div class='image_holder'>\n                <a itemprop='url' class='portfolio_link_for_touch' href='https:\/\/concelex.ro\/ro\/portfolio_page\/nuclearelectrica-cernavoda-2\/' target=''>\n                    \n<span class='image'><img width=\"570\" height=\"570\" src=\"https:\/\/concelex.ro\/wp-content\/uploads\/2022\/01\/CNE_Cernavoda-570x570.jpg\" class=\"attachment-portfolio-square size-portfolio-square wp-post-image\" alt=\"\" decoding=\"async\" srcset=\"https:\/\/concelex.ro\/wp-content\/uploads\/2022\/01\/CNE_Cernavoda-570x570.jpg 570w, https:\/\/concelex.ro\/wp-content\/uploads\/2022\/01\/CNE_Cernavoda-300x300.jpg 300w, https:\/\/concelex.ro\/wp-content\/uploads\/2022\/01\/CNE_Cernavoda-150x150.jpg 150w, https:\/\/concelex.ro\/wp-content\/uploads\/2022\/01\/CNE_Cernavoda-768x768.jpg 768w, https:\/\/concelex.ro\/wp-content\/uploads\/2022\/01\/CNE_Cernavoda-12x12.jpg 12w, https:\/\/concelex.ro\/wp-content\/uploads\/2022\/01\/CNE_Cernavoda-500x500.jpg 500w, https:\/\/concelex.ro\/wp-content\/uploads\/2022\/01\/CNE_Cernavoda-700x700.jpg 700w, https:\/\/concelex.ro\/wp-content\/uploads\/2022\/01\/CNE_Cernavoda.jpg 771w\" sizes=\"(max-width: 570px) 100vw, 570px\" \/><\/span>                <\/a>\n\n                <span class='text_holder'>\n    <span class='text_outer'>\n        <span class='text_inner'>\n            <div class=\"hover_feature_holder_title\">\n                <div class=\"hover_feature_holder_title_inner\">\n                    \n                        \n    <h5 itemprop=\"name\" class=\"portfolio_title entry_title\"><a itemprop=\"url\" href=\"https:\/\/concelex.ro\/ro\/portfolio_page\/nuclearelectrica-cernavoda-2\/\"  target=\"_self\"> NuclearElectrica Cernavod\u0103<\/a><\/h5>\n\n\n                        \n                            <span class=\"project_category\"  >\n    ENERGIE    <\/span>\n\n                                    <\/div>\n            <\/div>\n\n            \n            <span class='feature_holder'>\n                <span class=\"feature_holder_icons\">\n\n                    \n                            <a itemprop='url' class='preview qbutton small white' href='https:\/\/concelex.ro\/ro\/portfolio_page\/nuclearelectrica-cernavoda-2\/' target='_self'>view<\/i><\/a>\n    \n                                    <\/span>\n            <\/span>\n\n            \n        <\/span>\n    <\/span>\n<\/span>\n            <\/div>\n                    \n    \n<\/article>\n<article class='mix portfolio_category_65 portfolio_category_69 default' style=''>\n    \n    \n    \n                <div class='image_holder'>\n                <a itemprop='url' class='portfolio_link_for_touch' href='https:\/\/concelex.ro\/ro\/portfolio_page\/cooling-tower-rovinari-ce-oltenia-2\/' target=''>\n                    \n<span class='image'><img width=\"570\" height=\"570\" src=\"https:\/\/concelex.ro\/wp-content\/uploads\/2022\/01\/Cover-3-570x570.jpg\" class=\"attachment-portfolio-square size-portfolio-square wp-post-image\" alt=\"\" decoding=\"async\" srcset=\"https:\/\/concelex.ro\/wp-content\/uploads\/2022\/01\/Cover-3-570x570.jpg 570w, https:\/\/concelex.ro\/wp-content\/uploads\/2022\/01\/Cover-3-300x300.jpg 300w, https:\/\/concelex.ro\/wp-content\/uploads\/2022\/01\/Cover-3-150x150.jpg 150w, https:\/\/concelex.ro\/wp-content\/uploads\/2022\/01\/Cover-3-12x12.jpg 12w, https:\/\/concelex.ro\/wp-content\/uploads\/2022\/01\/Cover-3-500x500.jpg 500w, https:\/\/concelex.ro\/wp-content\/uploads\/2022\/01\/Cover-3.jpg 620w\" sizes=\"(max-width: 570px) 100vw, 570px\" \/><\/span>                <\/a>\n\n                <span class='text_holder'>\n    <span class='text_outer'>\n        <span class='text_inner'>\n            <div class=\"hover_feature_holder_title\">\n                <div class=\"hover_feature_holder_title_inner\">\n                    \n                        \n    <h5 itemprop=\"name\" class=\"portfolio_title entry_title\"><a itemprop=\"url\" href=\"https:\/\/concelex.ro\/ro\/portfolio_page\/cooling-tower-rovinari-ce-oltenia-2\/\"  target=\"_self\"> Turn racire Rovinari CE Oltenia<\/a><\/h5>\n\n\n                        \n                            <span class=\"project_category\"  >\n    Top proiecte    <\/span>\n\n                                    <\/div>\n            <\/div>\n\n            \n            <span class='feature_holder'>\n                <span class=\"feature_holder_icons\">\n\n                    \n                            <a itemprop='url' class='preview qbutton small white' href='https:\/\/concelex.ro\/ro\/portfolio_page\/cooling-tower-rovinari-ce-oltenia-2\/' target='_self'>view<\/i><\/a>\n    \n                                    <\/span>\n            <\/span>\n\n            \n        <\/span>\n    <\/span>\n<\/span>\n            <\/div>\n                    \n    \n<\/article>\n<article class='mix portfolio_category_65 portfolio_category_69 default' style=''>\n    \n    \n    \n                <div class='image_holder'>\n                <a itemprop='url' class='portfolio_link_for_touch' href='https:\/\/concelex.ro\/ro\/portfolio_page\/hyperbolic-tower-severin-2\/' target=''>\n                    \n<span class='image'><img width=\"570\" height=\"570\" src=\"https:\/\/concelex.ro\/wp-content\/uploads\/2021\/01\/32.Turn-Hiperbolic-Severin-570x570.jpg\" class=\"attachment-portfolio-square size-portfolio-square wp-post-image\" alt=\"\" decoding=\"async\" srcset=\"https:\/\/concelex.ro\/wp-content\/uploads\/2021\/01\/32.Turn-Hiperbolic-Severin-570x570.jpg 570w, https:\/\/concelex.ro\/wp-content\/uploads\/2021\/01\/32.Turn-Hiperbolic-Severin-300x300.jpg 300w, https:\/\/concelex.ro\/wp-content\/uploads\/2021\/01\/32.Turn-Hiperbolic-Severin-1024x1024.jpg 1024w, https:\/\/concelex.ro\/wp-content\/uploads\/2021\/01\/32.Turn-Hiperbolic-Severin-150x150.jpg 150w, https:\/\/concelex.ro\/wp-content\/uploads\/2021\/01\/32.Turn-Hiperbolic-Severin-768x768.jpg 768w, https:\/\/concelex.ro\/wp-content\/uploads\/2021\/01\/32.Turn-Hiperbolic-Severin-12x12.jpg 12w, https:\/\/concelex.ro\/wp-content\/uploads\/2021\/01\/32.Turn-Hiperbolic-Severin-500x500.jpg 500w, https:\/\/concelex.ro\/wp-content\/uploads\/2021\/01\/32.Turn-Hiperbolic-Severin-1000x1000.jpg 1000w, https:\/\/concelex.ro\/wp-content\/uploads\/2021\/01\/32.Turn-Hiperbolic-Severin-700x700.jpg 700w, https:\/\/concelex.ro\/wp-content\/uploads\/2021\/01\/32.Turn-Hiperbolic-Severin.jpg 1240w\" sizes=\"(max-width: 570px) 100vw, 570px\" \/><\/span>                <\/a>\n\n                <span class='text_holder'>\n    <span class='text_outer'>\n        <span class='text_inner'>\n            <div class=\"hover_feature_holder_title\">\n                <div class=\"hover_feature_holder_title_inner\">\n                    \n                        \n    <h5 itemprop=\"name\" class=\"portfolio_title entry_title\"><a itemprop=\"url\" href=\"https:\/\/concelex.ro\/ro\/portfolio_page\/hyperbolic-tower-severin-2\/\"  target=\"_self\"> Turn hiperbolic Severin<\/a><\/h5>\n\n\n                        \n                            <span class=\"project_category\"  >\n    Top proiecte    <\/span>\n\n                                    <\/div>\n            <\/div>\n\n            \n            <span class='feature_holder'>\n                <span class=\"feature_holder_icons\">\n\n                    \n                            <a itemprop='url' class='preview qbutton small white' href='https:\/\/concelex.ro\/ro\/portfolio_page\/hyperbolic-tower-severin-2\/' target='_self'>view<\/i><\/a>\n    \n                                    <\/span>\n            <\/span>\n\n            \n        <\/span>\n    <\/span>\n<\/span>\n            <\/div>\n                    \n    \n<\/article>\n<article class='mix portfolio_category_65 default' style=''>\n    \n    \n    \n                <div class='image_holder'>\n                <a itemprop='url' class='portfolio_link_for_touch' href='https:\/\/concelex.ro\/ro\/portfolio_page\/turboagregates-halls-dr-t-severin-2\/' target=''>\n                    \n<span class='image'><img width=\"570\" height=\"570\" src=\"https:\/\/concelex.ro\/wp-content\/uploads\/2021\/01\/33.Termocentrala-Dr.-T.-Severin-570x570.jpg\" class=\"attachment-portfolio-square size-portfolio-square wp-post-image\" alt=\"\" decoding=\"async\" srcset=\"https:\/\/concelex.ro\/wp-content\/uploads\/2021\/01\/33.Termocentrala-Dr.-T.-Severin-570x570.jpg 570w, https:\/\/concelex.ro\/wp-content\/uploads\/2021\/01\/33.Termocentrala-Dr.-T.-Severin-300x300.jpg 300w, https:\/\/concelex.ro\/wp-content\/uploads\/2021\/01\/33.Termocentrala-Dr.-T.-Severin-1024x1024.jpg 1024w, https:\/\/concelex.ro\/wp-content\/uploads\/2021\/01\/33.Termocentrala-Dr.-T.-Severin-150x150.jpg 150w, https:\/\/concelex.ro\/wp-content\/uploads\/2021\/01\/33.Termocentrala-Dr.-T.-Severin-768x768.jpg 768w, https:\/\/concelex.ro\/wp-content\/uploads\/2021\/01\/33.Termocentrala-Dr.-T.-Severin-12x12.jpg 12w, https:\/\/concelex.ro\/wp-content\/uploads\/2021\/01\/33.Termocentrala-Dr.-T.-Severin-500x500.jpg 500w, https:\/\/concelex.ro\/wp-content\/uploads\/2021\/01\/33.Termocentrala-Dr.-T.-Severin-1000x1000.jpg 1000w, https:\/\/concelex.ro\/wp-content\/uploads\/2021\/01\/33.Termocentrala-Dr.-T.-Severin-700x700.jpg 700w, https:\/\/concelex.ro\/wp-content\/uploads\/2021\/01\/33.Termocentrala-Dr.-T.-Severin.jpg 1200w\" sizes=\"(max-width: 570px) 100vw, 570px\" \/><\/span>                <\/a>\n\n                <span class='text_holder'>\n    <span class='text_outer'>\n        <span class='text_inner'>\n            <div class=\"hover_feature_holder_title\">\n                <div class=\"hover_feature_holder_title_inner\">\n                    \n                        \n    <h5 itemprop=\"name\" class=\"portfolio_title entry_title\"><a itemprop=\"url\" href=\"https:\/\/concelex.ro\/ro\/portfolio_page\/turboagregates-halls-dr-t-severin-2\/\"  target=\"_self\"> Termocentrala Dr. T. Severin<\/a><\/h5>\n\n\n                        \n                            <span class=\"project_category\"  >\n    ENERGIE    <\/span>\n\n                                    <\/div>\n            <\/div>\n\n            \n            <span class='feature_holder'>\n                <span class=\"feature_holder_icons\">\n\n                    \n                            <a itemprop='url' class='preview qbutton small white' href='https:\/\/concelex.ro\/ro\/portfolio_page\/turboagregates-halls-dr-t-severin-2\/' target='_self'>view<\/i><\/a>\n    \n                                    <\/span>\n            <\/span>\n\n            \n        <\/span>\n    <\/span>\n<\/span>\n            <\/div>\n                    \n    \n<\/article>\n<article class='mix portfolio_category_65 default' style=''>\n    \n    \n    \n                <div class='image_holder'>\n                <a itemprop='url' class='portfolio_link_for_touch' href='https:\/\/concelex.ro\/ro\/portfolio_page\/breakwater-overflow-slash-and-ash\/' target=''>\n                    \n<span class='image'><img width=\"480\" height=\"480\" src=\"https:\/\/concelex.ro\/wp-content\/uploads\/2021\/01\/42.Dig-zgura_Dr.-T.-Severin.jpg\" class=\"attachment-portfolio-square size-portfolio-square wp-post-image\" alt=\"\" decoding=\"async\" srcset=\"https:\/\/concelex.ro\/wp-content\/uploads\/2021\/01\/42.Dig-zgura_Dr.-T.-Severin.jpg 480w, https:\/\/concelex.ro\/wp-content\/uploads\/2021\/01\/42.Dig-zgura_Dr.-T.-Severin-300x300.jpg 300w, https:\/\/concelex.ro\/wp-content\/uploads\/2021\/01\/42.Dig-zgura_Dr.-T.-Severin-150x150.jpg 150w, https:\/\/concelex.ro\/wp-content\/uploads\/2021\/01\/42.Dig-zgura_Dr.-T.-Severin-12x12.jpg 12w\" sizes=\"(max-width: 480px) 100vw, 480px\" \/><\/span>                <\/a>\n\n                <span class='text_holder'>\n    <span class='text_outer'>\n        <span class='text_inner'>\n            <div class=\"hover_feature_holder_title\">\n                <div class=\"hover_feature_holder_title_inner\">\n                    \n                        \n    <h5 itemprop=\"name\" class=\"portfolio_title entry_title\"><a itemprop=\"url\" href=\"https:\/\/concelex.ro\/ro\/portfolio_page\/breakwater-overflow-slash-and-ash\/\"  target=\"_self\"> Suprainaltare Dig de Zgura si Cenusa<\/a><\/h5>\n\n\n                        \n                            <span class=\"project_category\"  >\n    ENERGIE    <\/span>\n\n                                    <\/div>\n            <\/div>\n\n            \n            <span class='feature_holder'>\n                <span class=\"feature_holder_icons\">\n\n                    \n                            <a itemprop='url' class='preview qbutton small white' href='https:\/\/concelex.ro\/ro\/portfolio_page\/breakwater-overflow-slash-and-ash\/' target='_self'>view<\/i><\/a>\n    \n                                    <\/span>\n            <\/span>\n\n            \n        <\/span>\n    <\/span>\n<\/span>\n            <\/div>\n                    \n    \n<\/article>\n        <div class='filler'><\/div>\n            <div class='filler'><\/div>\n            <div class='filler'><\/div>\n            <div class='filler'><\/div>\n        <\/div>\n\n    \n    <\/div><div class=\"separator  transparent\" style=\"margin-top: 20px;margin-bottom: 20px;\"><\/div>\n<\/div><\/div><\/div><\/div><\/div>","protected":false},"excerpt":{"rendered":"Dig Supra\u00eenaltare depozit zgur\u0103 \u015fi cenu\u015f\u0103 realizate pentru CET Dr.Tr. Severin, pu\u0163uri colectoare","protected":false},"author":1,"featured_media":0,"parent":0,"menu_order":0,"comment_status":"open","ping_status":"closed","template":"full_width.php","meta":[],"_links":{"self":[{"href":"https:\/\/concelex.ro\/ro\/wp-json\/wp\/v2\/pages\/19193"}],"collection":[{"href":"https:\/\/concelex.ro\/ro\/wp-json\/wp\/v2\/pages"}],"about":[{"href":"https:\/\/concelex.ro\/ro\/wp-json\/wp\/v2\/types\/page"}],"author":[{"embeddable":true,"href":"https:\/\/concelex.ro\/ro\/wp-json\/wp\/v2\/users\/1"}],"replies":[{"embeddable":true,"href":"https:\/\/concelex.ro\/ro\/wp-json\/wp\/v2\/comments?post=19193"}],"version-history":[{"count":0,"href":"https:\/\/concelex.ro\/ro\/wp-json\/wp\/v2\/pages\/19193\/revisions"}],"wp:attachment":[{"href":"https:\/\/concelex.ro\/ro\/wp-json\/wp\/v2\/media?parent=19193"}],"curies":[{"name":"wp","href":"https:\/\/api.w.org\/{rel}","templated":true}]}}