{"id":18762,"date":"2020-12-17T21:01:05","date_gmt":"2020-12-17T21:01:05","guid":{"rendered":"https:\/\/concelex.ro\/?page_id=18762"},"modified":"2025-10-28T10:41:45","modified_gmt":"2025-10-28T08:41:45","slug":"sustainability-certificates","status":"publish","type":"page","link":"https:\/\/concelex.ro\/ro\/sustainability-certificates\/","title":{"rendered":"SUSTENABILITATE &amp; CERTIFICATE"},"content":{"rendered":"<div data-elementor-type=\"wp-page\" data-elementor-id=\"18762\" class=\"elementor elementor-18762\">\n\t\t\t\t\t\t<div class=\"elementor-inner\">\n\t\t\t\t<div class=\"elementor-section-wrap\">\n\t\t\t\t\t\t\t\t\t<section class=\"elementor-section elementor-top-section elementor-element elementor-element-55c2f78 elementor-section-boxed elementor-section-height-default elementor-section-height-default parallax_section_no qode_elementor_container_no elementor-invisible\" data-id=\"55c2f78\" data-element_type=\"section\" data-settings=\"{&quot;background_background&quot;:&quot;classic&quot;,&quot;animation&quot;:&quot;slideInUp&quot;}\">\n\t\t\t\t\t\t<div class=\"elementor-container elementor-column-gap-default\">\n\t\t\t\t\t\t\t<div class=\"elementor-row\">\n\t\t\t\t\t<div class=\"elementor-column elementor-col-100 elementor-top-column elementor-element elementor-element-f0f990e\" data-id=\"f0f990e\" data-element_type=\"column\">\n\t\t\t<div class=\"elementor-column-wrap elementor-element-populated\">\n\t\t\t\t\t\t\t<div class=\"elementor-widget-wrap\">\n\t\t\t\t\t\t<section class=\"elementor-section elementor-inner-section elementor-element elementor-element-9bddae7 qode_elementor_container_inner elementor-section-boxed elementor-section-height-default elementor-section-height-default parallax_section_no elementor-invisible\" data-id=\"9bddae7\" data-element_type=\"section\" data-settings=\"{&quot;animation&quot;:&quot;fadeInUp&quot;}\">\n\t\t\t\t\t\t<div class=\"elementor-container elementor-column-gap-default\">\n\t\t\t\t\t\t\t<div class=\"elementor-row\">\n\t\t\t\t\t<div class=\"elementor-column elementor-col-100 elementor-inner-column elementor-element elementor-element-be5a4fa\" data-id=\"be5a4fa\" data-element_type=\"column\">\n\t\t\t<div class=\"elementor-column-wrap elementor-element-populated\">\n\t\t\t\t\t\t\t<div class=\"elementor-widget-wrap\">\n\t\t\t\t\t\t<div class=\"elementor-element elementor-element-b7a7eb2 elementor-widget elementor-widget-text-editor\" data-id=\"b7a7eb2\" data-element_type=\"widget\" data-widget_type=\"text-editor.default\">\n\t\t\t\t<div class=\"elementor-widget-container\">\n\t\t\t\t\t\t\t\t<div class=\"elementor-text-editor elementor-clearfix\">\n\t\t\t\t<h2 style=\"text-align: center;\">SUSTENABILITATE &amp; CERTIFICATE<\/h2>\t\t\t\t\t<\/div>\n\t\t\t\t\t\t<\/div>\n\t\t\t\t<\/div>\n\t\t\t\t<div class=\"elementor-element elementor-element-6c3f16c elementor-widget-divider--view-line elementor-widget elementor-widget-divider\" data-id=\"6c3f16c\" data-element_type=\"widget\" data-widget_type=\"divider.default\">\n\t\t\t\t<div class=\"elementor-widget-container\">\n\t\t\t\t\t<div class=\"elementor-divider\">\n\t\t\t<span class=\"elementor-divider-separator\">\n\t\t\t\t\t\t<\/span>\n\t\t<\/div>\n\t\t\t\t<\/div>\n\t\t\t\t<\/div>\n\t\t\t\t<div class=\"elementor-element elementor-element-ffbe524 elementor-widget elementor-widget-text-editor\" data-id=\"ffbe524\" data-element_type=\"widget\" data-widget_type=\"text-editor.default\">\n\t\t\t\t<div class=\"elementor-widget-container\">\n\t\t\t\t\t\t\t\t<div class=\"elementor-text-editor elementor-clearfix\">\n\t\t\t\t<p>Succesul \u00een business nu este singurul nostru obiectiv, ci suntem dedica\u021bi \u0219i protec\u021biei mediului \u00eenconjur\u0103tor. Activ\u0103m astfel \u00eenc\u00e2t s\u0103 avem un impact pozitiv asupra locurilor \u00een care lucr\u0103m \u0219i oamenilor pe care \u00eei \u00eent\u00e2lnim, ridic\u00e2nd construc\u021biile la rangul de art\u0103 \u00een timp ce ne reducem amprenta asupra mediului la minim.<\/p><ul><li>Utilizarea resurselor regenerabile \u0219i reciclabile;<\/li><li>Reducerea consumului de energie \u0219i a risipei;<\/li><li>Construirea de comunit\u0103\u021bi s\u0103n\u0103toase, prietenoase cu mediul;<\/li><li>Protejarea naturii.<\/li><\/ul><p>Toate aceste obiective sunt atinse \u00een cadrul misiunii noastre sustenabile de a desf\u0103\u0219ura opera\u021biuni cu impact minim asupra mediului pe toate \u0219antierele noastre.<\/p><p>Cu scopul de a dezvolta profesionalismul \u00een industrie, suntem unul dintre membrii fondatori ai Romanian Green Building Council, organiza\u021bie care stabile\u0219te standarde de design \u0219i implementare care sunt at\u00e2t prietenoase cu mediul, c\u00e2t \u0219i eficiente, \u0219i creeaz\u0103 o comunitate a c\u0103rei membri sunt \u00eencuraja\u021bi s\u0103-\u0219i \u00eemp\u0103rt\u0103\u0219easc\u0103 \u0219i s\u0103-\u0219i testeze ideile \u0219i solu\u021biile.<\/p>\t\t\t\t\t<\/div>\n\t\t\t\t\t\t<\/div>\n\t\t\t\t<\/div>\n\t\t\t\t\t\t<\/div>\n\t\t\t\t\t<\/div>\n\t\t<\/div>\n\t\t\t\t\t\t\t\t<\/div>\n\t\t\t\t\t<\/div>\n\t\t<\/section>\n\t\t\t\t\t\t<\/div>\n\t\t\t\t\t<\/div>\n\t\t<\/div>\n\t\t\t\t\t\t\t\t<\/div>\n\t\t\t\t\t<\/div>\n\t\t<\/section>\n\t\t\t\t<section class=\"elementor-section elementor-top-section elementor-element elementor-element-f8e5ae2 elementor-section-boxed elementor-section-height-default elementor-section-height-default parallax_section_no qode_elementor_container_no elementor-invisible\" data-id=\"f8e5ae2\" data-element_type=\"section\" data-settings=\"{&quot;background_background&quot;:&quot;classic&quot;,&quot;animation&quot;:&quot;bounceInUp&quot;}\">\n\t\t\t\t\t\t\t<div class=\"elementor-background-overlay\"><\/div>\n\t\t\t\t\t\t\t<div class=\"elementor-container elementor-column-gap-default\">\n\t\t\t\t\t\t\t<div class=\"elementor-row\">\n\t\t\t\t\t<div class=\"elementor-column elementor-col-100 elementor-top-column elementor-element elementor-element-71f9008\" data-id=\"71f9008\" data-element_type=\"column\">\n\t\t\t<div class=\"elementor-column-wrap elementor-element-populated\">\n\t\t\t\t\t\t\t<div class=\"elementor-widget-wrap\">\n\t\t\t\t\t\t<section class=\"elementor-section elementor-inner-section elementor-element elementor-element-ab69ffe qode_elementor_container_inner elementor-section-boxed elementor-section-height-default elementor-section-height-default parallax_section_no\" data-id=\"ab69ffe\" data-element_type=\"section\">\n\t\t\t\t\t\t<div class=\"elementor-container elementor-column-gap-default\">\n\t\t\t\t\t\t\t<div class=\"elementor-row\">\n\t\t\t\t\t<div class=\"elementor-column elementor-col-100 elementor-inner-column elementor-element elementor-element-3003944\" data-id=\"3003944\" data-element_type=\"column\">\n\t\t\t<div class=\"elementor-column-wrap elementor-element-populated\">\n\t\t\t\t\t\t\t<div class=\"elementor-widget-wrap\">\n\t\t\t\t\t\t<div class=\"elementor-element elementor-element-91e9961 elementor-widget elementor-widget-text-editor\" data-id=\"91e9961\" data-element_type=\"widget\" data-widget_type=\"text-editor.default\">\n\t\t\t\t<div class=\"elementor-widget-container\">\n\t\t\t\t\t\t\t\t<div class=\"elementor-text-editor elementor-clearfix\">\n\t\t\t\t<h2 style=\"text-align: center;\">CERTIFIC\u0102RI<\/h2>\t\t\t\t\t<\/div>\n\t\t\t\t\t\t<\/div>\n\t\t\t\t<\/div>\n\t\t\t\t<div class=\"elementor-element elementor-element-fc42deb elementor-widget-divider--view-line elementor-widget elementor-widget-divider\" data-id=\"fc42deb\" data-element_type=\"widget\" data-widget_type=\"divider.default\">\n\t\t\t\t<div class=\"elementor-widget-container\">\n\t\t\t\t\t<div class=\"elementor-divider\">\n\t\t\t<span class=\"elementor-divider-separator\">\n\t\t\t\t\t\t<\/span>\n\t\t<\/div>\n\t\t\t\t<\/div>\n\t\t\t\t<\/div>\n\t\t\t\t<div class=\"elementor-element elementor-element-220d489 elementor-widget elementor-widget-text-editor\" data-id=\"220d489\" data-element_type=\"widget\" data-widget_type=\"text-editor.default\">\n\t\t\t\t<div class=\"elementor-widget-container\">\n\t\t\t\t\t\t\t\t<div class=\"elementor-text-editor elementor-clearfix\">\n\t\t\t\t<p>\u201eExcelen\u021ba \u00een construc\u021bii\u201d nu este doar un motto, ci \u0219i un standard de lucru. Pentru Concelex, calitatea este echivalent\u0103 cu produse \u0219i servicii asigurate conform cerin\u021belor clien\u021bilor, la cele mai \u00eenalte standarde \u0219i cu grij\u0103 pentru siguran\u021b\u0103 \u0219i pentru mediul \u00eenconjur\u0103tor.<\/p>\t\t\t\t\t<\/div>\n\t\t\t\t\t\t<\/div>\n\t\t\t\t<\/div>\n\t\t\t\t\t\t<\/div>\n\t\t\t\t\t<\/div>\n\t\t<\/div>\n\t\t\t\t\t\t\t\t<\/div>\n\t\t\t\t\t<\/div>\n\t\t<\/section>\n\t\t\t\t\t\t<\/div>\n\t\t\t\t\t<\/div>\n\t\t<\/div>\n\t\t\t\t\t\t\t\t<\/div>\n\t\t\t\t\t<\/div>\n\t\t<\/section>\n\t\t\t\t<section class=\"elementor-section elementor-top-section elementor-element elementor-element-cf8bc4a elementor-section-boxed elementor-section-height-default elementor-section-height-default parallax_section_no qode_elementor_container_no elementor-invisible\" data-id=\"cf8bc4a\" data-element_type=\"section\" data-settings=\"{&quot;background_background&quot;:&quot;classic&quot;,&quot;animation&quot;:&quot;bounceInUp&quot;}\">\n\t\t\t\t\t\t<div class=\"elementor-container elementor-column-gap-default\">\n\t\t\t\t\t\t\t<div class=\"elementor-row\">\n\t\t\t\t\t<div class=\"elementor-column elementor-col-50 elementor-top-column elementor-element elementor-element-cfac2e4\" data-id=\"cfac2e4\" data-element_type=\"column\">\n\t\t\t<div class=\"elementor-column-wrap elementor-element-populated\">\n\t\t\t\t\t\t\t<div class=\"elementor-widget-wrap\">\n\t\t\t\t\t\t<div class=\"elementor-element elementor-element-6d3ce83 elementor-widget elementor-widget-bridge_unordered_list\" data-id=\"6d3ce83\" data-element_type=\"widget\" data-widget_type=\"bridge_unordered_list.default\">\n\t\t\t\t<div class=\"elementor-widget-container\">\n\t\t\t<div class='q_list circle'><h3><strong>La nivel de companie, oferim:<\/strong><\/h3><p>\u00a0<\/p><ul><li>Speciali\u0219ti certifica\u021bi de Ministerul Lucr\u0103rilor Publice \u0219i Administra\u021biei Teritoriale (MLPAT) \u00een domenii precum ingineria civil\u0103, industrial\u0103 \u0219i agroindustrial\u0103;<\/li><li>Tehnicieni specializa\u021bi pe execu\u021bia lucr\u0103rilor;<\/li><li>Manageri de proiect cu certific\u0103ri \u00een securitatea \u0219i s\u0103n\u0103tatea muncii, precum \u0219i inspectori pentru standardul de calitate.<\/li><\/ul><\/div>\t\t<\/div>\n\t\t\t\t<\/div>\n\t\t\t\t\t\t<\/div>\n\t\t\t\t\t<\/div>\n\t\t<\/div>\n\t\t\t\t<div class=\"elementor-column elementor-col-50 elementor-top-column elementor-element elementor-element-f6ca35e\" data-id=\"f6ca35e\" data-element_type=\"column\">\n\t\t\t<div class=\"elementor-column-wrap elementor-element-populated\">\n\t\t\t\t\t\t\t<div class=\"elementor-widget-wrap\">\n\t\t\t\t\t\t<div class=\"elementor-element elementor-element-4b5f27c elementor-widget elementor-widget-bridge_unordered_list\" data-id=\"4b5f27c\" data-element_type=\"widget\" data-widget_type=\"bridge_unordered_list.default\">\n\t\t\t\t<div class=\"elementor-widget-container\">\n\t\t\t<div class='q_list circle'><h3><strong>Auditori interni pentru:<\/strong><\/h3><ul><li>Auditor intern al sistemului de management al calit\u0103\u021bii - ISO 9001;<\/li><li>Auditor intern al sistemului de management al mediului - ISO 14001;<\/li><li>Auditor intern al sistemului de management al s\u0103n\u0103t\u0103\u021bii \u0219i securit\u0103\u021bii ocupa\u021bionale - ISO 45001<\/li><li>Auditor intern al sistemului de management anti-mit\u0103 \u2013 ISO 37001.<\/li><li>Autoriza\u021bie de furnizori feroviar<\/li><li>Agrement tehnic feroviar (construc\u021bii cu specific feroviar)<\/li><\/ul><\/div>\t\t<\/div>\n\t\t\t\t<\/div>\n\t\t\t\t\t\t<\/div>\n\t\t\t\t\t<\/div>\n\t\t<\/div>\n\t\t\t\t\t\t\t\t<\/div>\n\t\t\t\t\t<\/div>\n\t\t<\/section>\n\t\t\t\t\t\t\t\t\t<\/div>\n\t\t\t<\/div>\n\t\t\t\t\t<\/div>","protected":false},"excerpt":{"rendered":"<p>Sustainability &#038; Certificates Business success is not our only goal; we are also committed to protecting the environment. We designed our operations in order to leave an ambitious mark on people and places, bringing constructions from scratch to art, yet reducing environmental impact to minimum&#8230;.<\/p>","protected":false},"author":1,"featured_media":0,"parent":0,"menu_order":0,"comment_status":"open","ping_status":"closed","template":"full_width.php","meta":[],"_links":{"self":[{"href":"https:\/\/concelex.ro\/ro\/wp-json\/wp\/v2\/pages\/18762"}],"collection":[{"href":"https:\/\/concelex.ro\/ro\/wp-json\/wp\/v2\/pages"}],"about":[{"href":"https:\/\/concelex.ro\/ro\/wp-json\/wp\/v2\/types\/page"}],"author":[{"embeddable":true,"href":"https:\/\/concelex.ro\/ro\/wp-json\/wp\/v2\/users\/1"}],"replies":[{"embeddable":true,"href":"https:\/\/concelex.ro\/ro\/wp-json\/wp\/v2\/comments?post=18762"}],"version-history":[{"count":41,"href":"https:\/\/concelex.ro\/ro\/wp-json\/wp\/v2\/pages\/18762\/revisions"}],"predecessor-version":[{"id":21955,"href":"https:\/\/concelex.ro\/ro\/wp-json\/wp\/v2\/pages\/18762\/revisions\/21955"}],"wp:attachment":[{"href":"https:\/\/concelex.ro\/ro\/wp-json\/wp\/v2\/media?parent=18762"}],"curies":[{"name":"wp","href":"https:\/\/api.w.org\/{rel}","templated":true}]}}