{"id":18664,"date":"2020-12-09T16:54:44","date_gmt":"2020-12-09T16:54:44","guid":{"rendered":"https:\/\/concelex.ro\/?page_id=18664"},"modified":"2025-01-17T12:40:33","modified_gmt":"2025-01-17T10:40:33","slug":"career","status":"publish","type":"page","link":"https:\/\/concelex.ro\/ro\/career\/","title":{"rendered":"Carier\u0103"},"content":{"rendered":"<div data-elementor-type=\"wp-page\" data-elementor-id=\"18664\" class=\"elementor elementor-18664\">\n\t\t\t\t\t\t<div class=\"elementor-inner\">\n\t\t\t\t<div class=\"elementor-section-wrap\">\n\t\t\t\t\t\t\t\t\t<section class=\"elementor-section elementor-top-section elementor-element elementor-element-76d09e0 elementor-section-boxed elementor-section-height-default elementor-section-height-default parallax_section_no qode_elementor_container_no\" data-id=\"76d09e0\" data-element_type=\"section\">\n\t\t\t\t\t\t<div class=\"elementor-container elementor-column-gap-default\">\n\t\t\t\t\t\t\t<div class=\"elementor-row\">\n\t\t\t\t\t<div class=\"elementor-column elementor-col-100 elementor-top-column elementor-element elementor-element-50a4d9c\" data-id=\"50a4d9c\" data-element_type=\"column\">\n\t\t\t<div class=\"elementor-column-wrap elementor-element-populated\">\n\t\t\t\t\t\t\t<div class=\"elementor-widget-wrap\">\n\t\t\t\t\t\t<section class=\"elementor-section elementor-inner-section elementor-element elementor-element-6b377ee qode_elementor_container_inner elementor-section-boxed elementor-section-height-default elementor-section-height-default parallax_section_no\" data-id=\"6b377ee\" data-element_type=\"section\">\n\t\t\t\t\t\t<div class=\"elementor-container elementor-column-gap-default\">\n\t\t\t\t\t\t\t<div class=\"elementor-row\">\n\t\t\t\t\t<div class=\"elementor-column elementor-col-100 elementor-inner-column elementor-element elementor-element-f24c30e\" data-id=\"f24c30e\" data-element_type=\"column\">\n\t\t\t<div class=\"elementor-column-wrap elementor-element-populated\">\n\t\t\t\t\t\t\t<div class=\"elementor-widget-wrap\">\n\t\t\t\t\t\t<div class=\"elementor-element elementor-element-f11fc03 elementor-widget elementor-widget-text-editor\" data-id=\"f11fc03\" data-element_type=\"widget\" data-widget_type=\"text-editor.default\">\n\t\t\t\t<div class=\"elementor-widget-container\">\n\t\t\t\t\t\t\t\t<div class=\"elementor-text-editor elementor-clearfix\">\n\t\t\t\t<h3>Al\u0103tur\u0103-te echipei #CLXTeam!<br \/>C\u0103ut\u0103m \u0219efi de \u0219antier, ingineri CQ, ingineri decontare, ingineri instala\u021bii, manageri de proiect, speciali\u0219ti ofertare, speciali\u0219ti SSM.<br \/>Avem posturi disponibile \u00een:<\/h3><ul><li>Bucure\u0219ti<\/li><li>Bac\u0103u,<\/li><li>Cluj,<\/li><li>Drobeta-Turnu Severin,<\/li><li>T\u00e2rgovi\u0219te,<\/li><li>Alexandria,<\/li><li>Ia\u0219i,<\/li><li>Craiova,<\/li><li>Gala\u021bi,<\/li><li>Piatra Neam\u021b,<\/li><li>Foc\u0219ani.<\/li><\/ul><h3>A\u0219tept\u0103m mesajul sau cv-ul t\u0103u la <a rel=\"noopener\">hr@concelex.ro<\/a>.<\/h3>\t\t\t\t\t<\/div>\n\t\t\t\t\t\t<\/div>\n\t\t\t\t<\/div>\n\t\t\t\t\t\t<\/div>\n\t\t\t\t\t<\/div>\n\t\t<\/div>\n\t\t\t\t\t\t\t\t<\/div>\n\t\t\t\t\t<\/div>\n\t\t<\/section>\n\t\t\t\t<div class=\"elementor-element elementor-element-0c95cbb elementor-widget elementor-widget-image\" data-id=\"0c95cbb\" data-element_type=\"widget\" data-widget_type=\"image.default\">\n\t\t\t\t<div class=\"elementor-widget-container\">\n\t\t\t\t\t\t\t\t<div class=\"elementor-image\">\n\t\t\t\t\t\t\t\t\t\t\t\t<img decoding=\"async\" width=\"1220\" height=\"282\" src=\"https:\/\/concelex.ro\/wp-content\/uploads\/2025\/01\/2.png\" class=\"attachment-full size-full wp-image-21575\" alt=\"\" srcset=\"https:\/\/concelex.ro\/wp-content\/uploads\/2025\/01\/2.png 1220w, https:\/\/concelex.ro\/wp-content\/uploads\/2025\/01\/2-300x69.png 300w, https:\/\/concelex.ro\/wp-content\/uploads\/2025\/01\/2-1024x237.png 1024w, https:\/\/concelex.ro\/wp-content\/uploads\/2025\/01\/2-768x178.png 768w, https:\/\/concelex.ro\/wp-content\/uploads\/2025\/01\/2-18x4.png 18w, https:\/\/concelex.ro\/wp-content\/uploads\/2025\/01\/2-700x162.png 700w\" sizes=\"(max-width: 1220px) 100vw, 1220px\" \/>\t\t\t\t\t\t\t\t\t\t\t\t\t\t<\/div>\n\t\t\t\t\t\t<\/div>\n\t\t\t\t<\/div>\n\t\t\t\t\t\t<\/div>\n\t\t\t\t\t<\/div>\n\t\t<\/div>\n\t\t\t\t\t\t\t\t<\/div>\n\t\t\t\t\t<\/div>\n\t\t<\/section>\n\t\t\t\t<section class=\"elementor-section elementor-top-section elementor-element elementor-element-76dff947 elementor-section-boxed elementor-section-height-default elementor-section-height-default parallax_section_no qode_elementor_container_no\" data-id=\"76dff947\" data-element_type=\"section\" data-settings=\"{&quot;background_background&quot;:&quot;classic&quot;}\">\n\t\t\t\t\t\t<div class=\"elementor-container elementor-column-gap-default\">\n\t\t\t\t\t\t\t<div class=\"elementor-row\">\n\t\t\t\t\t<div class=\"elementor-column elementor-col-100 elementor-top-column elementor-element elementor-element-22caae55\" data-id=\"22caae55\" data-element_type=\"column\">\n\t\t\t<div class=\"elementor-column-wrap elementor-element-populated\">\n\t\t\t\t\t\t\t<div class=\"elementor-widget-wrap\">\n\t\t\t\t\t\t<section class=\"elementor-section elementor-inner-section elementor-element elementor-element-30b2ec0 qode_elementor_container_inner elementor-section-boxed elementor-section-height-default elementor-section-height-default parallax_section_no\" data-id=\"30b2ec0\" data-element_type=\"section\">\n\t\t\t\t\t\t<div class=\"elementor-container elementor-column-gap-default\">\n\t\t\t\t\t\t\t<div class=\"elementor-row\">\n\t\t\t\t\t<div class=\"elementor-column elementor-col-100 elementor-inner-column elementor-element elementor-element-4a54935\" data-id=\"4a54935\" data-element_type=\"column\">\n\t\t\t<div class=\"elementor-column-wrap elementor-element-populated\">\n\t\t\t\t\t\t\t<div class=\"elementor-widget-wrap\">\n\t\t\t\t\t\t<div class=\"elementor-element elementor-element-52a1266 elementor-widget elementor-widget-text-editor\" data-id=\"52a1266\" data-element_type=\"widget\" data-widget_type=\"text-editor.default\">\n\t\t\t\t<div class=\"elementor-widget-container\">\n\t\t\t\t\t\t\t\t<div class=\"elementor-text-editor elementor-clearfix\">\n\t\t\t\t<p>Cu o cultur\u0103 organiza\u021bional\u0103 orientat\u0103 spre rezultate, ne baz\u0103m \u00een filozofia companiei pe respect, implicare \u0219i responsabilitate.<\/p><p>\u00a0<\/p><p>Suntem o companie integrat\u0103 care se ocup\u0103 de la bugetare la aspectele juridice, de la proiectare la construirea propriu-zis\u0103. Dac\u0103 e\u0219ti un profesionist calificat, ai experien\u021b\u0103 relevant\u0103 \u0219i ai vrea s\u0103 te al\u0103turi echipei Concelex, te rug\u0103m s\u0103 completezi formularul \u0219i s\u0103 ata\u0219ezi CV-ul sau s\u0103 ne trimiti un e-mail la hr@concelex.ro. Dac\u0103 aplici pentru o pozi\u021bie anume, te rug\u0103m s\u0103 men\u021bionezi \u00een subiectul e-mail-ului.<\/p><p>\u00a0<\/p><p>Vezi pozi\u021biile disponibile mai jos.<\/p>\t\t\t\t\t<\/div>\n\t\t\t\t\t\t<\/div>\n\t\t\t\t<\/div>\n\t\t\t\t\t\t<\/div>\n\t\t\t\t\t<\/div>\n\t\t<\/div>\n\t\t\t\t\t\t\t\t<\/div>\n\t\t\t\t\t<\/div>\n\t\t<\/section>\n\t\t\t\t\t\t<\/div>\n\t\t\t\t\t<\/div>\n\t\t<\/div>\n\t\t\t\t\t\t\t\t<\/div>\n\t\t\t\t\t<\/div>\n\t\t<\/section>\n\t\t\t\t<section class=\"elementor-section elementor-top-section elementor-element elementor-element-9d482ab elementor-section-boxed elementor-section-height-default elementor-section-height-default parallax_section_no qode_elementor_container_no\" data-id=\"9d482ab\" data-element_type=\"section\">\n\t\t\t\t\t\t<div class=\"elementor-container elementor-column-gap-default\">\n\t\t\t\t\t\t\t<div class=\"elementor-row\">\n\t\t\t\t\t<div class=\"elementor-column elementor-col-33 elementor-top-column elementor-element elementor-element-354d73c\" data-id=\"354d73c\" data-element_type=\"column\">\n\t\t\t<div class=\"elementor-column-wrap elementor-element-populated\">\n\t\t\t\t\t\t\t<div class=\"elementor-widget-wrap\">\n\t\t\t\t\t\t<div class=\"elementor-element elementor-element-541c077 elementor-widget elementor-widget-bridge_info_card\" data-id=\"541c077\" data-element_type=\"widget\" data-widget_type=\"bridge_info_card.default\">\n\t\t\t\t<div class=\"elementor-widget-container\">\n\t\t\t<div class=\"qode-info-card\">\n\t\t\t<div class=\"qode-info-card-image\" style=\"background-color:#FFFFFF\">\n\t\t\t<img decoding=\"async\" src=\"https:\/\/concelex.ro\/wp-content\/uploads\/2022\/02\/Manager-de-proiect.png\" alt=\"\" \/>\n\t\t<\/div>\n\t\t<div class=\"qode-info-card-text-holder\" style=\"background-color:#FFFFFF\">\n\t\t\t\t\t<h3 class=\"qode-info-card-title\" >\n\t\t\t\tMANAGER DE PROIECT\t\t\t<\/h3>\n\t\t\t\t\t\t\t<p class=\"qode-info-card-text\" >\n\t\t\t\tTrimite-ne CV-ul t\u0103u la hr@concelex.ro\t\t\t<\/p>\n\t\t\t<\/div>\n\t\t\t<div class=\"qode-info-card-link-holder\">\n\t\t\t<a itemprop=\"url\" class=\"qode-qbutton-main-color qode-qbutton-full-width qode-qbutton-square\" href=\"\" target=\"_self\" style=\"background-color:#FFFFFF;height:1px;line-height:1px\"><span><\/span><\/a>\n\t\t<\/div>\n\t<\/div>\t\t<\/div>\n\t\t\t\t<\/div>\n\t\t\t\t\t\t<\/div>\n\t\t\t\t\t<\/div>\n\t\t<\/div>\n\t\t\t\t<div class=\"elementor-column elementor-col-33 elementor-top-column elementor-element elementor-element-2d246b0\" data-id=\"2d246b0\" data-element_type=\"column\">\n\t\t\t<div class=\"elementor-column-wrap elementor-element-populated\">\n\t\t\t\t\t\t\t<div class=\"elementor-widget-wrap\">\n\t\t\t\t\t\t<div class=\"elementor-element elementor-element-4dcc4d4 elementor-widget elementor-widget-bridge_info_card\" data-id=\"4dcc4d4\" data-element_type=\"widget\" data-widget_type=\"bridge_info_card.default\">\n\t\t\t\t<div class=\"elementor-widget-container\">\n\t\t\t<div class=\"qode-info-card\">\n\t\t\t<div class=\"qode-info-card-image\" style=\"background-color:#FFFFFF\">\n\t\t\t<img decoding=\"async\" src=\"https:\/\/concelex.ro\/wp-content\/uploads\/2022\/02\/Sef-de-santier.png\" alt=\"\" \/>\n\t\t<\/div>\n\t\t<div class=\"qode-info-card-text-holder\" style=\"background-color:#FFFFFF\">\n\t\t\t\t\t<h3 class=\"qode-info-card-title\" >\n\t\t\t\t\u0218EF DE \u0218ANTIER\t\t\t<\/h3>\n\t\t\t\t\t\t\t<p class=\"qode-info-card-text\" >\n\t\t\t\tTrimite-ne CV-ul t\u0103u la hr@concelex.ro\t\t\t<\/p>\n\t\t\t<\/div>\n\t\t\t<div class=\"qode-info-card-link-holder\">\n\t\t\t<a itemprop=\"url\" class=\"qode-qbutton-main-color qode-qbutton-full-width qode-qbutton-square\" href=\"\" target=\"_self\" style=\"background-color:#FFFFFF;height:1px;line-height:1px\"><span><\/span><\/a>\n\t\t<\/div>\n\t<\/div>\t\t<\/div>\n\t\t\t\t<\/div>\n\t\t\t\t\t\t<\/div>\n\t\t\t\t\t<\/div>\n\t\t<\/div>\n\t\t\t\t<div class=\"elementor-column elementor-col-33 elementor-top-column elementor-element elementor-element-8079673\" data-id=\"8079673\" data-element_type=\"column\">\n\t\t\t<div class=\"elementor-column-wrap elementor-element-populated\">\n\t\t\t\t\t\t\t<div class=\"elementor-widget-wrap\">\n\t\t\t\t\t\t<div class=\"elementor-element elementor-element-f5e2e5f elementor-widget elementor-widget-bridge_info_card\" data-id=\"f5e2e5f\" data-element_type=\"widget\" data-widget_type=\"bridge_info_card.default\">\n\t\t\t\t<div class=\"elementor-widget-container\">\n\t\t\t<div class=\"qode-info-card\">\n\t\t\t<div class=\"qode-info-card-image\" style=\"background-color:#FFFFFF\">\n\t\t\t<img decoding=\"async\" src=\"https:\/\/concelex.ro\/wp-content\/uploads\/2021\/08\/Responsabil-CQ.jpg\" alt=\"\" \/>\n\t\t<\/div>\n\t\t<div class=\"qode-info-card-text-holder\" style=\"background-color:#FFFFFF\">\n\t\t\t\t\t<h3 class=\"qode-info-card-title\" >\n\t\t\t\tINGINER CQ\t\t\t<\/h3>\n\t\t\t\t\t\t\t<p class=\"qode-info-card-text\" >\n\t\t\t\tTrimite-ne CV-ul t\u0103u la hr@concelex.ro\t\t\t<\/p>\n\t\t\t<\/div>\n\t\t\t<div class=\"qode-info-card-link-holder\">\n\t\t\t<a itemprop=\"url\" class=\"qode-qbutton-main-color qode-qbutton-full-width qode-qbutton-square\" href=\"\" target=\"_self\" style=\"background-color:#FFFFFF;height:1px;line-height:1px\"><span><\/span><\/a>\n\t\t<\/div>\n\t<\/div>\t\t<\/div>\n\t\t\t\t<\/div>\n\t\t\t\t\t\t<\/div>\n\t\t\t\t\t<\/div>\n\t\t<\/div>\n\t\t\t\t\t\t\t\t<\/div>\n\t\t\t\t\t<\/div>\n\t\t<\/section>\n\t\t\t\t<section class=\"elementor-section elementor-top-section elementor-element elementor-element-d701beb elementor-section-boxed elementor-section-height-default elementor-section-height-default parallax_section_no qode_elementor_container_no\" data-id=\"d701beb\" data-element_type=\"section\">\n\t\t\t\t\t\t<div class=\"elementor-container elementor-column-gap-default\">\n\t\t\t\t\t\t\t<div class=\"elementor-row\">\n\t\t\t\t\t<div class=\"elementor-column elementor-col-100 elementor-top-column elementor-element elementor-element-bb678bb\" data-id=\"bb678bb\" data-element_type=\"column\">\n\t\t\t<div class=\"elementor-column-wrap elementor-element-populated\">\n\t\t\t\t\t\t\t<div class=\"elementor-widget-wrap\">\n\t\t\t\t\t\t<div class=\"elementor-element elementor-element-b1f54aa elementor-widget elementor-widget-spacer\" data-id=\"b1f54aa\" data-element_type=\"widget\" data-widget_type=\"spacer.default\">\n\t\t\t\t<div class=\"elementor-widget-container\">\n\t\t\t\t\t<div class=\"elementor-spacer\">\n\t\t\t<div class=\"elementor-spacer-inner\"><\/div>\n\t\t<\/div>\n\t\t\t\t<\/div>\n\t\t\t\t<\/div>\n\t\t\t\t\t\t<\/div>\n\t\t\t\t\t<\/div>\n\t\t<\/div>\n\t\t\t\t\t\t\t\t<\/div>\n\t\t\t\t\t<\/div>\n\t\t<\/section>\n\t\t\t\t<section class=\"elementor-section elementor-top-section elementor-element elementor-element-bf3ae5f elementor-section-boxed elementor-section-height-default elementor-section-height-default parallax_section_no qode_elementor_container_no\" data-id=\"bf3ae5f\" data-element_type=\"section\">\n\t\t\t\t\t\t<div class=\"elementor-container elementor-column-gap-default\">\n\t\t\t\t\t\t\t<div class=\"elementor-row\">\n\t\t\t\t\t<div class=\"elementor-column elementor-col-33 elementor-top-column elementor-element elementor-element-72a2d1d\" data-id=\"72a2d1d\" data-element_type=\"column\">\n\t\t\t<div class=\"elementor-column-wrap elementor-element-populated\">\n\t\t\t\t\t\t\t<div class=\"elementor-widget-wrap\">\n\t\t\t\t\t\t<div class=\"elementor-element elementor-element-2410277 elementor-widget elementor-widget-bridge_info_card\" data-id=\"2410277\" data-element_type=\"widget\" data-widget_type=\"bridge_info_card.default\">\n\t\t\t\t<div class=\"elementor-widget-container\">\n\t\t\t<div class=\"qode-info-card\">\n\t\t\t<div class=\"qode-info-card-image\" style=\"background-color:#FFFFFF\">\n\t\t\t<img decoding=\"async\" src=\"https:\/\/concelex.ro\/wp-content\/uploads\/2021\/08\/Inginer-Ofertare.jpg\" alt=\"\" \/>\n\t\t<\/div>\n\t\t<div class=\"qode-info-card-text-holder\" style=\"background-color:#FFFFFF\">\n\t\t\t\t\t<h3 class=\"qode-info-card-title\" >\n\t\t\t\tSPECIALIST COST CONTROL\t\t\t<\/h3>\n\t\t\t\t\t\t\t<p class=\"qode-info-card-text\" >\n\t\t\t\tTrimite-ne CV-ul t\u0103u la hr@concelex.ro\t\t\t<\/p>\n\t\t\t<\/div>\n\t\t\t<div class=\"qode-info-card-link-holder\">\n\t\t\t<a itemprop=\"url\" class=\"qode-qbutton-main-color qode-qbutton-full-width qode-qbutton-square\" href=\"\" target=\"_self\" style=\"background-color:#FFFFFF;height:1px;line-height:1px\"><span><\/span><\/a>\n\t\t<\/div>\n\t<\/div>\t\t<\/div>\n\t\t\t\t<\/div>\n\t\t\t\t\t\t<\/div>\n\t\t\t\t\t<\/div>\n\t\t<\/div>\n\t\t\t\t<div class=\"elementor-column elementor-col-33 elementor-top-column elementor-element elementor-element-093e9b6\" data-id=\"093e9b6\" data-element_type=\"column\">\n\t\t\t<div class=\"elementor-column-wrap elementor-element-populated\">\n\t\t\t\t\t\t\t<div class=\"elementor-widget-wrap\">\n\t\t\t\t\t\t<div class=\"elementor-element elementor-element-8d2524c elementor-widget elementor-widget-bridge_info_card\" data-id=\"8d2524c\" data-element_type=\"widget\" data-widget_type=\"bridge_info_card.default\">\n\t\t\t\t<div class=\"elementor-widget-container\">\n\t\t\t<div class=\"qode-info-card\">\n\t\t\t<div class=\"qode-info-card-image\" style=\"background-color:#FFFFFF\">\n\t\t\t<img decoding=\"async\" src=\"https:\/\/concelex.ro\/wp-content\/uploads\/2022\/02\/Inginer-instalatii.png\" alt=\"\" \/>\n\t\t<\/div>\n\t\t<div class=\"qode-info-card-text-holder\" style=\"background-color:#FFFFFF\">\n\t\t\t\t\t<h3 class=\"qode-info-card-title\" >\n\t\t\t\tINGINER INSTALA\u021aII\t\t\t<\/h3>\n\t\t\t\t\t\t\t<p class=\"qode-info-card-text\" >\n\t\t\t\tTrimite-ne CV-ul t\u0103u la hr@concelex.ro\t\t\t<\/p>\n\t\t\t<\/div>\n\t\t\t<div class=\"qode-info-card-link-holder\">\n\t\t\t<a itemprop=\"url\" class=\"qode-qbutton-main-color qode-qbutton-full-width qode-qbutton-square\" href=\"\" target=\"_self\" style=\"background-color:#FFFFFF;height:1px;line-height:1px\"><span><\/span><\/a>\n\t\t<\/div>\n\t<\/div>\t\t<\/div>\n\t\t\t\t<\/div>\n\t\t\t\t\t\t<\/div>\n\t\t\t\t\t<\/div>\n\t\t<\/div>\n\t\t\t\t<div class=\"elementor-column elementor-col-33 elementor-top-column elementor-element elementor-element-6c5205f\" data-id=\"6c5205f\" data-element_type=\"column\">\n\t\t\t<div class=\"elementor-column-wrap elementor-element-populated\">\n\t\t\t\t\t\t\t<div class=\"elementor-widget-wrap\">\n\t\t\t\t\t\t<div class=\"elementor-element elementor-element-9529598 elementor-widget elementor-widget-bridge_info_card\" data-id=\"9529598\" data-element_type=\"widget\" data-widget_type=\"bridge_info_card.default\">\n\t\t\t\t<div class=\"elementor-widget-container\">\n\t\t\t<div class=\"qode-info-card\">\n\t\t\t<div class=\"qode-info-card-image\" style=\"background-color:#FFFFFF\">\n\t\t\t<img decoding=\"async\" src=\"https:\/\/concelex.ro\/wp-content\/uploads\/2022\/02\/Inginer-ofertare.png\" alt=\"\" \/>\n\t\t<\/div>\n\t\t<div class=\"qode-info-card-text-holder\" style=\"background-color:#FFFFFF\">\n\t\t\t\t\t<h3 class=\"qode-info-card-title\" >\n\t\t\t\tINGINER OFERTARE\t\t\t<\/h3>\n\t\t\t\t\t\t\t<p class=\"qode-info-card-text\" >\n\t\t\t\tTrimite-ne CV-ul t\u0103u la hr@concelex.ro\t\t\t<\/p>\n\t\t\t<\/div>\n\t\t\t<div class=\"qode-info-card-link-holder\">\n\t\t\t<a itemprop=\"url\" class=\"qode-qbutton-main-color qode-qbutton-full-width qode-qbutton-square\" href=\"\" target=\"_self\" style=\"background-color:#FFFFFF;height:1px;line-height:1px\"><span><\/span><\/a>\n\t\t<\/div>\n\t<\/div>\t\t<\/div>\n\t\t\t\t<\/div>\n\t\t\t\t\t\t<\/div>\n\t\t\t\t\t<\/div>\n\t\t<\/div>\n\t\t\t\t\t\t\t\t<\/div>\n\t\t\t\t\t<\/div>\n\t\t<\/section>\n\t\t\t\t<section class=\"elementor-section elementor-top-section elementor-element elementor-element-42daffb elementor-section-boxed elementor-section-height-default elementor-section-height-default parallax_section_no qode_elementor_container_no\" data-id=\"42daffb\" data-element_type=\"section\">\n\t\t\t\t\t\t<div class=\"elementor-container elementor-column-gap-default\">\n\t\t\t\t\t\t\t<div class=\"elementor-row\">\n\t\t\t\t\t<div class=\"elementor-column elementor-col-100 elementor-top-column elementor-element elementor-element-813b8b9\" data-id=\"813b8b9\" data-element_type=\"column\">\n\t\t\t<div class=\"elementor-column-wrap elementor-element-populated\">\n\t\t\t\t\t\t\t<div class=\"elementor-widget-wrap\">\n\t\t\t\t\t\t<div class=\"elementor-element elementor-element-d594523 elementor-widget elementor-widget-spacer\" data-id=\"d594523\" data-element_type=\"widget\" data-widget_type=\"spacer.default\">\n\t\t\t\t<div class=\"elementor-widget-container\">\n\t\t\t\t\t<div class=\"elementor-spacer\">\n\t\t\t<div class=\"elementor-spacer-inner\"><\/div>\n\t\t<\/div>\n\t\t\t\t<\/div>\n\t\t\t\t<\/div>\n\t\t\t\t\t\t<\/div>\n\t\t\t\t\t<\/div>\n\t\t<\/div>\n\t\t\t\t\t\t\t\t<\/div>\n\t\t\t\t\t<\/div>\n\t\t<\/section>\n\t\t\t\t\t\t\t\t\t<\/div>\n\t\t\t<\/div>\n\t\t\t\t\t<\/div>","protected":false},"excerpt":{"rendered":"<p>Join the #CLX Team!We are looking for site managers, quality control engineers, billing engineers, installation engineers, project managers, bidding specialists, and occupational health and safety specialists.We hire in: Bucharest, Bac\u0103u, Cluj, Drobeta-Turnu Severin, T\u00e2rgovi\u0219te, Alexandria, Ia\u0219i, Craiova, Gala\u021bi, Piatra Neam\u021b, Foc\u0219ani. We look forward to&#8230;<\/p>","protected":false},"author":1,"featured_media":0,"parent":0,"menu_order":0,"comment_status":"open","ping_status":"closed","template":"full_width.php","meta":[],"_links":{"self":[{"href":"https:\/\/concelex.ro\/ro\/wp-json\/wp\/v2\/pages\/18664"}],"collection":[{"href":"https:\/\/concelex.ro\/ro\/wp-json\/wp\/v2\/pages"}],"about":[{"href":"https:\/\/concelex.ro\/ro\/wp-json\/wp\/v2\/types\/page"}],"author":[{"embeddable":true,"href":"https:\/\/concelex.ro\/ro\/wp-json\/wp\/v2\/users\/1"}],"replies":[{"embeddable":true,"href":"https:\/\/concelex.ro\/ro\/wp-json\/wp\/v2\/comments?post=18664"}],"version-history":[{"count":132,"href":"https:\/\/concelex.ro\/ro\/wp-json\/wp\/v2\/pages\/18664\/revisions"}],"predecessor-version":[{"id":21628,"href":"https:\/\/concelex.ro\/ro\/wp-json\/wp\/v2\/pages\/18664\/revisions\/21628"}],"wp:attachment":[{"href":"https:\/\/concelex.ro\/ro\/wp-json\/wp\/v2\/media?parent=18664"}],"curies":[{"name":"wp","href":"https:\/\/api.w.org\/{rel}","templated":true}]}}