{"id":14093,"date":"2014-03-26T14:44:33","date_gmt":"2014-03-26T14:44:33","guid":{"rendered":"https:\/\/bridge300.qodeinteractive.com\/?page_id=14093"},"modified":"2025-10-28T10:35:15","modified_gmt":"2025-10-28T08:35:15","slug":"the-company","status":"publish","type":"page","link":"https:\/\/concelex.ro\/ro\/the-company\/","title":{"rendered":"DESPRE NOI"},"content":{"rendered":"<div data-elementor-type=\"wp-page\" data-elementor-id=\"14093\" class=\"elementor elementor-14093\">\n\t\t\t\t\t\t<div class=\"elementor-inner\">\n\t\t\t\t<div class=\"elementor-section-wrap\">\n\t\t\t\t\t\t\t\t\t<section class=\"elementor-section elementor-top-section elementor-element elementor-element-77e072c qode_elementor_container_inner elementor-section-boxed elementor-section-height-default elementor-section-height-default parallax_section_no elementor-invisible\" data-id=\"77e072c\" data-element_type=\"section\" data-settings=\"{&quot;background_background&quot;:&quot;classic&quot;,&quot;animation&quot;:&quot;bounceInUp&quot;}\">\n\t\t\t\t\t\t<div class=\"elementor-container elementor-column-gap-default\">\n\t\t\t\t\t\t\t<div class=\"elementor-row\">\n\t\t\t\t\t<div class=\"elementor-column elementor-col-66 elementor-top-column elementor-element elementor-element-3cd9a86\" data-id=\"3cd9a86\" data-element_type=\"column\">\n\t\t\t<div class=\"elementor-column-wrap elementor-element-populated\">\n\t\t\t\t\t\t\t<div class=\"elementor-widget-wrap\">\n\t\t\t\t\t\t<div class=\"elementor-element elementor-element-41689f8 elementor-widget elementor-widget-text-editor\" data-id=\"41689f8\" data-element_type=\"widget\" data-widget_type=\"text-editor.default\">\n\t\t\t\t<div class=\"elementor-widget-container\">\n\t\t\t\t\t\t\t\t<div class=\"elementor-text-editor elementor-clearfix\">\n\t\t\t\t<h2>Cine suntem<\/h2>\t\t\t\t\t<\/div>\n\t\t\t\t\t\t<\/div>\n\t\t\t\t<\/div>\n\t\t\t\t<div class=\"elementor-element elementor-element-5ab25e4 elementor-widget-divider--view-line elementor-widget elementor-widget-divider\" data-id=\"5ab25e4\" data-element_type=\"widget\" data-widget_type=\"divider.default\">\n\t\t\t\t<div class=\"elementor-widget-container\">\n\t\t\t\t\t<div class=\"elementor-divider\">\n\t\t\t<span class=\"elementor-divider-separator\">\n\t\t\t\t\t\t<\/span>\n\t\t<\/div>\n\t\t\t\t<\/div>\n\t\t\t\t<\/div>\n\t\t\t\t<div class=\"elementor-element elementor-element-3a24204 elementor-widget elementor-widget-text-editor\" data-id=\"3a24204\" data-element_type=\"widget\" data-widget_type=\"text-editor.default\">\n\t\t\t\t<div class=\"elementor-widget-container\">\n\t\t\t\t\t\t\t\t<div class=\"elementor-text-editor elementor-clearfix\">\n\t\t\t\tConcelex este o companie integrat\u0103 de construc\u021bii, cu acoperire na\u021bional\u0103 \u0219i experien\u021b\u0103 demonstrat\u0103 \u00een proiecte complexe. Oferim solu\u021bii complete, pentru proiecte din sectorul public \u0219i privat. Cu experien\u021b\u0103 \u00een construc\u021bii civile, inginerie structural\u0103, infrastructur\u0103 \u0219i sisteme energetice, oper\u0103m la scar\u0103 larg\u0103 \u0219i cu precizie. Abordarea noastr\u0103 \u00eembin\u0103 excelen\u021ba tehnic\u0103 cu un angajament ferm fa\u021b\u0103 de etic\u0103, inova\u021bie \u0219i dezvoltarea echipei.\t\t\t\t\t<\/div>\n\t\t\t\t\t\t<\/div>\n\t\t\t\t<\/div>\n\t\t\t\t\t\t<\/div>\n\t\t\t\t\t<\/div>\n\t\t<\/div>\n\t\t\t\t<div class=\"elementor-column elementor-col-33 elementor-top-column elementor-element elementor-element-7e0ba09\" data-id=\"7e0ba09\" data-element_type=\"column\">\n\t\t\t<div class=\"elementor-column-wrap elementor-element-populated\">\n\t\t\t\t\t\t\t<div class=\"elementor-widget-wrap\">\n\t\t\t\t\t\t<div class=\"elementor-element elementor-element-4d8a678 elementor-invisible elementor-widget elementor-widget-image\" data-id=\"4d8a678\" data-element_type=\"widget\" data-settings=\"{&quot;_animation&quot;:&quot;fadeInRight&quot;,&quot;_animation_delay&quot;:0.299999999999999988897769753748434595763683319091796875}\" data-widget_type=\"image.default\">\n\t\t\t\t<div class=\"elementor-widget-container\">\n\t\t\t\t\t\t\t\t<div class=\"elementor-image\">\n\t\t\t\t\t\t\t\t\t\t\t\t<img decoding=\"async\" width=\"2048\" height=\"2560\" src=\"https:\/\/concelex.ro\/wp-content\/uploads\/2021\/07\/3DX_3020-scaled.jpg\" class=\"attachment-full size-full wp-image-20208\" alt=\"\" srcset=\"https:\/\/concelex.ro\/wp-content\/uploads\/2021\/07\/3DX_3020-scaled.jpg 2048w, https:\/\/concelex.ro\/wp-content\/uploads\/2021\/07\/3DX_3020-240x300.jpg 240w, https:\/\/concelex.ro\/wp-content\/uploads\/2021\/07\/3DX_3020-819x1024.jpg 819w, https:\/\/concelex.ro\/wp-content\/uploads\/2021\/07\/3DX_3020-768x960.jpg 768w, https:\/\/concelex.ro\/wp-content\/uploads\/2021\/07\/3DX_3020-1229x1536.jpg 1229w, https:\/\/concelex.ro\/wp-content\/uploads\/2021\/07\/3DX_3020-1638x2048.jpg 1638w, https:\/\/concelex.ro\/wp-content\/uploads\/2021\/07\/3DX_3020-10x12.jpg 10w, https:\/\/concelex.ro\/wp-content\/uploads\/2021\/07\/3DX_3020-700x875.jpg 700w\" sizes=\"(max-width: 2048px) 100vw, 2048px\" \/>\t\t\t\t\t\t\t\t\t\t\t\t\t\t<\/div>\n\t\t\t\t\t\t<\/div>\n\t\t\t\t<\/div>\n\t\t\t\t\t\t<\/div>\n\t\t\t\t\t<\/div>\n\t\t<\/div>\n\t\t\t\t\t\t\t\t<\/div>\n\t\t\t\t\t<\/div>\n\t\t<\/section>\n\t\t\t\t<section class=\"elementor-section elementor-top-section elementor-element elementor-element-648e872 elementor-section-content-middle elementor-section-boxed elementor-section-height-default elementor-section-height-default parallax_section_no qode_elementor_container_no elementor-invisible\" data-id=\"648e872\" data-element_type=\"section\" data-settings=\"{&quot;background_background&quot;:&quot;classic&quot;,&quot;animation&quot;:&quot;bounceInUp&quot;}\">\n\t\t\t\t\t\t<div class=\"elementor-container elementor-column-gap-default\">\n\t\t\t\t\t\t\t<div class=\"elementor-row\">\n\t\t\t\t\t<div class=\"elementor-column elementor-col-100 elementor-top-column elementor-element elementor-element-a049216\" data-id=\"a049216\" data-element_type=\"column\">\n\t\t\t<div class=\"elementor-column-wrap elementor-element-populated\">\n\t\t\t\t\t\t\t<div class=\"elementor-widget-wrap\">\n\t\t\t\t\t\t<div class=\"elementor-element elementor-element-bbe49fc elementor-widget elementor-widget-text-editor\" data-id=\"bbe49fc\" data-element_type=\"widget\" data-widget_type=\"text-editor.default\">\n\t\t\t\t<div class=\"elementor-widget-container\">\n\t\t\t\t\t\t\t\t<div class=\"elementor-text-editor elementor-clearfix\">\n\t\t\t\t<h2 style=\"text-align: center;\">PARTENERI<\/h2>\t\t\t\t\t<\/div>\n\t\t\t\t\t\t<\/div>\n\t\t\t\t<\/div>\n\t\t\t\t<div class=\"elementor-element elementor-element-8e6889b elementor-widget-divider--view-line elementor-widget elementor-widget-divider\" data-id=\"8e6889b\" data-element_type=\"widget\" data-widget_type=\"divider.default\">\n\t\t\t\t<div class=\"elementor-widget-container\">\n\t\t\t\t\t<div class=\"elementor-divider\">\n\t\t\t<span class=\"elementor-divider-separator\">\n\t\t\t\t\t\t<\/span>\n\t\t<\/div>\n\t\t\t\t<\/div>\n\t\t\t\t<\/div>\n\t\t\t\t<div class=\"elementor-element elementor-element-f1fbe22 gallery-spacing-custom elementor-widget elementor-widget-image-gallery\" data-id=\"f1fbe22\" data-element_type=\"widget\" data-widget_type=\"image-gallery.default\">\n\t\t\t\t<div class=\"elementor-widget-container\">\n\t\t\t\t\t<div class=\"elementor-image-gallery\">\n\t\t\t\n\t\t<style type=\"text\/css\">\n\t\t\t#gallery-1 {\n\t\t\t\tmargin: auto;\n\t\t\t}\n\t\t\t#gallery-1 .gallery-item {\n\t\t\t\tfloat: left;\n\t\t\t\tmargin-top: 10px;\n\t\t\t\ttext-align: center;\n\t\t\t\twidth: 25%;\n\t\t\t}\n\t\t\t#gallery-1 img {\n\t\t\t\tborder: 2px solid #cfcfcf;\n\t\t\t}\n\t\t\t#gallery-1 .gallery-caption {\n\t\t\t\tmargin-left: 0;\n\t\t\t}\n\t\t\t\/* see gallery_shortcode() in wp-includes\/media.php *\/\n\t\t<\/style>\n\t\t<div id='gallery-1' class='gallery galleryid-14093 gallery-columns-4 gallery-size-portfolio-square'><dl class='gallery-item'>\n\t\t\t<dt class='gallery-icon landscape'>\n\t\t\t\t<img width=\"300\" height=\"300\" src=\"https:\/\/concelex.ro\/wp-content\/uploads\/2021\/02\/1.png\" class=\"attachment-portfolio-square size-portfolio-square\" alt=\"\" decoding=\"async\" srcset=\"https:\/\/concelex.ro\/wp-content\/uploads\/2021\/02\/1.png 300w, https:\/\/concelex.ro\/wp-content\/uploads\/2021\/02\/1-150x150.png 150w\" sizes=\"(max-width: 300px) 100vw, 300px\" \/>\n\t\t\t<\/dt><\/dl><dl class='gallery-item'>\n\t\t\t<dt class='gallery-icon landscape'>\n\t\t\t\t<img width=\"300\" height=\"300\" src=\"https:\/\/concelex.ro\/wp-content\/uploads\/2021\/02\/2.png\" class=\"attachment-portfolio-square size-portfolio-square\" alt=\"\" decoding=\"async\" srcset=\"https:\/\/concelex.ro\/wp-content\/uploads\/2021\/02\/2.png 300w, https:\/\/concelex.ro\/wp-content\/uploads\/2021\/02\/2-150x150.png 150w\" sizes=\"(max-width: 300px) 100vw, 300px\" \/>\n\t\t\t<\/dt><\/dl><dl class='gallery-item'>\n\t\t\t<dt class='gallery-icon landscape'>\n\t\t\t\t<img width=\"300\" height=\"300\" src=\"https:\/\/concelex.ro\/wp-content\/uploads\/2021\/02\/3.png\" class=\"attachment-portfolio-square size-portfolio-square\" alt=\"\" decoding=\"async\" srcset=\"https:\/\/concelex.ro\/wp-content\/uploads\/2021\/02\/3.png 300w, https:\/\/concelex.ro\/wp-content\/uploads\/2021\/02\/3-150x150.png 150w\" sizes=\"(max-width: 300px) 100vw, 300px\" \/>\n\t\t\t<\/dt><\/dl><dl class='gallery-item'>\n\t\t\t<dt class='gallery-icon landscape'>\n\t\t\t\t<img width=\"300\" height=\"300\" src=\"https:\/\/concelex.ro\/wp-content\/uploads\/2021\/02\/4-1.png\" class=\"attachment-portfolio-square size-portfolio-square\" alt=\"\" decoding=\"async\" srcset=\"https:\/\/concelex.ro\/wp-content\/uploads\/2021\/02\/4-1.png 300w, https:\/\/concelex.ro\/wp-content\/uploads\/2021\/02\/4-1-150x150.png 150w\" sizes=\"(max-width: 300px) 100vw, 300px\" \/>\n\t\t\t<\/dt><\/dl><br style=\"clear: both\" \/><dl class='gallery-item'>\n\t\t\t<dt class='gallery-icon landscape'>\n\t\t\t\t<img width=\"300\" height=\"300\" src=\"https:\/\/concelex.ro\/wp-content\/uploads\/2021\/02\/6-copy.png\" class=\"attachment-portfolio-square size-portfolio-square\" alt=\"\" decoding=\"async\" srcset=\"https:\/\/concelex.ro\/wp-content\/uploads\/2021\/02\/6-copy.png 300w, https:\/\/concelex.ro\/wp-content\/uploads\/2021\/02\/6-copy-150x150.png 150w\" sizes=\"(max-width: 300px) 100vw, 300px\" \/>\n\t\t\t<\/dt><\/dl><dl class='gallery-item'>\n\t\t\t<dt class='gallery-icon landscape'>\n\t\t\t\t<img width=\"300\" height=\"300\" src=\"https:\/\/concelex.ro\/wp-content\/uploads\/2021\/02\/7.png\" class=\"attachment-portfolio-square size-portfolio-square\" alt=\"\" decoding=\"async\" srcset=\"https:\/\/concelex.ro\/wp-content\/uploads\/2021\/02\/7.png 300w, https:\/\/concelex.ro\/wp-content\/uploads\/2021\/02\/7-150x150.png 150w\" sizes=\"(max-width: 300px) 100vw, 300px\" \/>\n\t\t\t<\/dt><\/dl><dl class='gallery-item'>\n\t\t\t<dt class='gallery-icon landscape'>\n\t\t\t\t<img width=\"300\" height=\"300\" src=\"https:\/\/concelex.ro\/wp-content\/uploads\/2021\/02\/8.png\" class=\"attachment-portfolio-square size-portfolio-square\" alt=\"\" decoding=\"async\" srcset=\"https:\/\/concelex.ro\/wp-content\/uploads\/2021\/02\/8.png 300w, https:\/\/concelex.ro\/wp-content\/uploads\/2021\/02\/8-150x150.png 150w\" sizes=\"(max-width: 300px) 100vw, 300px\" \/>\n\t\t\t<\/dt><\/dl><dl class='gallery-item'>\n\t\t\t<dt class='gallery-icon landscape'>\n\t\t\t\t<img width=\"300\" height=\"300\" src=\"https:\/\/concelex.ro\/wp-content\/uploads\/2021\/02\/9.png\" class=\"attachment-portfolio-square size-portfolio-square\" alt=\"\" decoding=\"async\" srcset=\"https:\/\/concelex.ro\/wp-content\/uploads\/2021\/02\/9.png 300w, https:\/\/concelex.ro\/wp-content\/uploads\/2021\/02\/9-150x150.png 150w\" sizes=\"(max-width: 300px) 100vw, 300px\" \/>\n\t\t\t<\/dt><\/dl><br style=\"clear: both\" \/><dl class='gallery-item'>\n\t\t\t<dt class='gallery-icon landscape'>\n\t\t\t\t<img width=\"300\" height=\"300\" src=\"https:\/\/concelex.ro\/wp-content\/uploads\/2021\/02\/10-1.png\" class=\"attachment-portfolio-square size-portfolio-square\" alt=\"\" decoding=\"async\" srcset=\"https:\/\/concelex.ro\/wp-content\/uploads\/2021\/02\/10-1.png 300w, https:\/\/concelex.ro\/wp-content\/uploads\/2021\/02\/10-1-150x150.png 150w\" sizes=\"(max-width: 300px) 100vw, 300px\" \/>\n\t\t\t<\/dt><\/dl><dl class='gallery-item'>\n\t\t\t<dt class='gallery-icon landscape'>\n\t\t\t\t<img width=\"300\" height=\"300\" src=\"https:\/\/concelex.ro\/wp-content\/uploads\/2021\/02\/11-1.png\" class=\"attachment-portfolio-square size-portfolio-square\" alt=\"\" decoding=\"async\" srcset=\"https:\/\/concelex.ro\/wp-content\/uploads\/2021\/02\/11-1.png 300w, https:\/\/concelex.ro\/wp-content\/uploads\/2021\/02\/11-1-150x150.png 150w\" sizes=\"(max-width: 300px) 100vw, 300px\" \/>\n\t\t\t<\/dt><\/dl><dl class='gallery-item'>\n\t\t\t<dt class='gallery-icon landscape'>\n\t\t\t\t<img width=\"300\" height=\"300\" src=\"https:\/\/concelex.ro\/wp-content\/uploads\/2021\/02\/00-Alumil.png\" class=\"attachment-portfolio-square size-portfolio-square\" alt=\"\" decoding=\"async\" srcset=\"https:\/\/concelex.ro\/wp-content\/uploads\/2021\/02\/00-Alumil.png 300w, https:\/\/concelex.ro\/wp-content\/uploads\/2021\/02\/00-Alumil-150x150.png 150w\" sizes=\"(max-width: 300px) 100vw, 300px\" \/>\n\t\t\t<\/dt><\/dl><dl class='gallery-item'>\n\t\t\t<dt class='gallery-icon landscape'>\n\t\t\t\t<img width=\"300\" height=\"300\" src=\"https:\/\/concelex.ro\/wp-content\/uploads\/2021\/02\/00-Arbo.png\" class=\"attachment-portfolio-square size-portfolio-square\" alt=\"\" decoding=\"async\" srcset=\"https:\/\/concelex.ro\/wp-content\/uploads\/2021\/02\/00-Arbo.png 300w, https:\/\/concelex.ro\/wp-content\/uploads\/2021\/02\/00-Arbo-150x150.png 150w\" sizes=\"(max-width: 300px) 100vw, 300px\" \/>\n\t\t\t<\/dt><\/dl><br style=\"clear: both\" \/><dl class='gallery-item'>\n\t\t\t<dt class='gallery-icon landscape'>\n\t\t\t\t<img width=\"300\" height=\"300\" src=\"https:\/\/concelex.ro\/wp-content\/uploads\/2021\/02\/00-Arca.png\" class=\"attachment-portfolio-square size-portfolio-square\" alt=\"\" decoding=\"async\" srcset=\"https:\/\/concelex.ro\/wp-content\/uploads\/2021\/02\/00-Arca.png 300w, https:\/\/concelex.ro\/wp-content\/uploads\/2021\/02\/00-Arca-150x150.png 150w\" sizes=\"(max-width: 300px) 100vw, 300px\" \/>\n\t\t\t<\/dt><\/dl><dl class='gallery-item'>\n\t\t\t<dt class='gallery-icon landscape'>\n\t\t\t\t<img width=\"300\" height=\"300\" src=\"https:\/\/concelex.ro\/wp-content\/uploads\/2021\/02\/00-Orhideea.png\" class=\"attachment-portfolio-square size-portfolio-square\" alt=\"\" decoding=\"async\" srcset=\"https:\/\/concelex.ro\/wp-content\/uploads\/2021\/02\/00-Orhideea.png 300w, https:\/\/concelex.ro\/wp-content\/uploads\/2021\/02\/00-Orhideea-150x150.png 150w\" sizes=\"(max-width: 300px) 100vw, 300px\" \/>\n\t\t\t<\/dt><\/dl><dl class='gallery-item'>\n\t\t\t<dt class='gallery-icon landscape'>\n\t\t\t\t<img width=\"300\" height=\"300\" src=\"https:\/\/concelex.ro\/wp-content\/uploads\/2021\/02\/00-Sika-logo.png\" class=\"attachment-portfolio-square size-portfolio-square\" alt=\"\" decoding=\"async\" srcset=\"https:\/\/concelex.ro\/wp-content\/uploads\/2021\/02\/00-Sika-logo.png 300w, https:\/\/concelex.ro\/wp-content\/uploads\/2021\/02\/00-Sika-logo-150x150.png 150w\" sizes=\"(max-width: 300px) 100vw, 300px\" \/>\n\t\t\t<\/dt><\/dl><dl class='gallery-item'>\n\t\t\t<dt class='gallery-icon landscape'>\n\t\t\t\t<img width=\"300\" height=\"300\" src=\"https:\/\/concelex.ro\/wp-content\/uploads\/2021\/02\/0-Quadratum_Logo.png\" class=\"attachment-portfolio-square size-portfolio-square\" alt=\"\" decoding=\"async\" srcset=\"https:\/\/concelex.ro\/wp-content\/uploads\/2021\/02\/0-Quadratum_Logo.png 300w, https:\/\/concelex.ro\/wp-content\/uploads\/2021\/02\/0-Quadratum_Logo-150x150.png 150w\" sizes=\"(max-width: 300px) 100vw, 300px\" \/>\n\t\t\t<\/dt><\/dl><br style=\"clear: both\" \/>\n\t\t<\/div>\n\t\t<\/div>\n\t\t\t\t<\/div>\n\t\t\t\t<\/div>\n\t\t\t\t\t\t<\/div>\n\t\t\t\t\t<\/div>\n\t\t<\/div>\n\t\t\t\t\t\t\t\t<\/div>\n\t\t\t\t\t<\/div>\n\t\t<\/section>\n\t\t\t\t<section class=\"elementor-section elementor-top-section elementor-element elementor-element-baf9a22 elementor-section-boxed elementor-section-height-default elementor-section-height-default parallax_section_no qode_elementor_container_no\" data-id=\"baf9a22\" data-element_type=\"section\">\n\t\t\t\t\t\t<div class=\"elementor-container elementor-column-gap-default\">\n\t\t\t\t\t\t\t<div class=\"elementor-row\">\n\t\t\t\t\t<div class=\"elementor-column elementor-col-100 elementor-top-column elementor-element elementor-element-2484869\" data-id=\"2484869\" data-element_type=\"column\">\n\t\t\t<div class=\"elementor-column-wrap\">\n\t\t\t\t\t\t\t<div class=\"elementor-widget-wrap\">\n\t\t\t\t\t\t\t\t<\/div>\n\t\t\t\t\t<\/div>\n\t\t<\/div>\n\t\t\t\t\t\t\t\t<\/div>\n\t\t\t\t\t<\/div>\n\t\t<\/section>\n\t\t\t\t\t\t\t\t\t<\/div>\n\t\t\t<\/div>\n\t\t\t\t\t<\/div>","protected":false},"excerpt":{"rendered":"<p>Who we are Concelex is THE integrated construction company. We deliver fully integrated solutions across public and private sectors. With expertise spanning buildings, civil engineering, infrastructure and energy systems, we operate at scale and with precision. Our approach combines technical excellence with a strong commitment&#8230;<\/p>","protected":false},"author":1,"featured_media":0,"parent":0,"menu_order":0,"comment_status":"open","ping_status":"closed","template":"full_width.php","meta":[],"_links":{"self":[{"href":"https:\/\/concelex.ro\/ro\/wp-json\/wp\/v2\/pages\/14093"}],"collection":[{"href":"https:\/\/concelex.ro\/ro\/wp-json\/wp\/v2\/pages"}],"about":[{"href":"https:\/\/concelex.ro\/ro\/wp-json\/wp\/v2\/types\/page"}],"author":[{"embeddable":true,"href":"https:\/\/concelex.ro\/ro\/wp-json\/wp\/v2\/users\/1"}],"replies":[{"embeddable":true,"href":"https:\/\/concelex.ro\/ro\/wp-json\/wp\/v2\/comments?post=14093"}],"version-history":[{"count":67,"href":"https:\/\/concelex.ro\/ro\/wp-json\/wp\/v2\/pages\/14093\/revisions"}],"predecessor-version":[{"id":21946,"href":"https:\/\/concelex.ro\/ro\/wp-json\/wp\/v2\/pages\/14093\/revisions\/21946"}],"wp:attachment":[{"href":"https:\/\/concelex.ro\/ro\/wp-json\/wp\/v2\/media?parent=14093"}],"curies":[{"name":"wp","href":"https:\/\/api.w.org\/{rel}","templated":true}]}}